{"id":3457,"date":"2021-05-31T06:27:39","date_gmt":"2021-05-31T06:27:39","guid":{"rendered":"https:\/\/couronne.baseltor.cyon.site\/aktuelles-und-events\/"},"modified":"2021-11-29T16:21:09","modified_gmt":"2021-11-29T16:21:09","slug":"actualites-et-evenements","status":"publish","type":"page","link":"https:\/\/lacouronne-solothurn.ch\/fr\/actualites-et-evenements\/","title":{"rendered":"Actualit\u00e9s et \u00e9v\u00e9nements"},"content":{"rendered":"","protected":false},"excerpt":{"rendered":"","protected":false},"author":1,"featured_media":0,"parent":0,"menu_order":39,"comment_status":"closed","ping_status":"closed","template":"","meta":{"_acf_changed":false,"inline_featured_image":false},"class_list":["post-3457","page","type-page","status-publish","hentry"],"acf":{"seo":{"active":true,"title":"Aktuelles und Events","text":"Il se passe toujours quelque chose chez nous et chez nos partenaires de la Genossenschaft Baseltor. ","image":{"ID":1604,"id":1604,"title":"LaCouronne_Solothurn_Hotel_Bar_Drinks_Apero","filename":"LaCouronne_Solothurn_Hotel_Bar_Drinks_Apero.jpg","filesize":395352,"url":"https:\/\/lacouronne-solothurn.ch\/app\/uploads\/2021\/08\/LaCouronne_Solothurn_Hotel_Bar_Drinks_Apero.jpg","link":"https:\/\/lacouronne-solothurn.ch\/fr\/lacouronne_solothurn_hotel_bar_drinks_apero\/","alt":"","author":"2","description":"","caption":"","name":"lacouronne_solothurn_hotel_bar_drinks_apero","status":"inherit","uploaded_to":0,"date":"2021-09-23 08:19:52","modified":"2021-09-23 08:19:52","menu_order":0,"mime_type":"image\/jpeg","type":"image","subtype":"jpeg","icon":"https:\/\/lacouronne-solothurn.ch\/wp\/wp-includes\/images\/media\/default.png","width":2500,"height":1667,"sizes":{"thumbnail":"https:\/\/lacouronne-solothurn.ch\/app\/uploads\/2021\/08\/LaCouronne_Solothurn_Hotel_Bar_Drinks_Apero-150x150.jpg","thumbnail-width":150,"thumbnail-height":150,"medium":"https:\/\/lacouronne-solothurn.ch\/app\/uploads\/2021\/08\/LaCouronne_Solothurn_Hotel_Bar_Drinks_Apero-300x200.jpg","medium-width":300,"medium-height":200,"medium_large":"https:\/\/lacouronne-solothurn.ch\/app\/uploads\/2021\/08\/LaCouronne_Solothurn_Hotel_Bar_Drinks_Apero-768x512.jpg","medium_large-width":768,"medium_large-height":512,"large":"https:\/\/lacouronne-solothurn.ch\/app\/uploads\/2021\/08\/LaCouronne_Solothurn_Hotel_Bar_Drinks_Apero-1024x683.jpg","large-width":1024,"large-height":683,"1536x1536":"https:\/\/lacouronne-solothurn.ch\/app\/uploads\/2021\/08\/LaCouronne_Solothurn_Hotel_Bar_Drinks_Apero-1536x1024.jpg","1536x1536-width":1536,"1536x1536-height":1024,"2048x2048":"https:\/\/lacouronne-solothurn.ch\/app\/uploads\/2021\/08\/LaCouronne_Solothurn_Hotel_Bar_Drinks_Apero-2048x1366.jpg","2048x2048-width":2048,"2048x2048-height":1366}},"keywords":""}},"yoast_head":"<!-- This site is optimized with the Yoast SEO Premium plugin v26.7 (Yoast SEO v26.7) - https:\/\/yoast.com\/wordpress\/plugins\/seo\/ -->\n<title>Actualit\u00e9s et \u00e9v\u00e9nements - La Couronne<\/title>\n<meta name=\"robots\" content=\"index, follow, max-snippet:-1, max-image-preview:large, max-video-preview:-1\" \/>\n<link rel=\"canonical\" href=\"https:\/\/lacouronne-solothurn.ch\/fr\/actualites-et-evenements\/\" \/>\n<meta property=\"og:locale\" content=\"fr_FR\" \/>\n<meta property=\"og:type\" content=\"article\" \/>\n<meta property=\"og:title\" content=\"Actualit\u00e9s et \u00e9v\u00e9nements\" \/>\n<meta property=\"og:url\" content=\"https:\/\/lacouronne-solothurn.ch\/fr\/actualites-et-evenements\/\" \/>\n<meta property=\"og:site_name\" content=\"La Couronne\" \/>\n<meta property=\"article:modified_time\" content=\"2021-11-29T16:21:09+00:00\" \/>\n<meta name=\"twitter:card\" content=\"summary_large_image\" \/>\n<script type=\"application\/ld+json\" class=\"yoast-schema-graph\">{\"@context\":\"https:\/\/schema.org\",\"@graph\":[{\"@type\":\"WebPage\",\"@id\":\"https:\/\/lacouronne-solothurn.ch\/fr\/actualites-et-evenements\/\",\"url\":\"https:\/\/lacouronne-solothurn.ch\/fr\/actualites-et-evenements\/\",\"name\":\"Actualit\u00e9s et \u00e9v\u00e9nements - La Couronne\",\"isPartOf\":{\"@id\":\"https:\/\/lacouronne-solothurn.ch\/#website\"},\"datePublished\":\"2021-05-31T06:27:39+00:00\",\"dateModified\":\"2021-11-29T16:21:09+00:00\",\"breadcrumb\":{\"@id\":\"https:\/\/lacouronne-solothurn.ch\/fr\/actualites-et-evenements\/#breadcrumb\"},\"inLanguage\":\"fr-FR\",\"potentialAction\":[{\"@type\":\"ReadAction\",\"target\":[\"https:\/\/lacouronne-solothurn.ch\/fr\/actualites-et-evenements\/\"]}]},{\"@type\":\"BreadcrumbList\",\"@id\":\"https:\/\/lacouronne-solothurn.ch\/fr\/actualites-et-evenements\/#breadcrumb\",\"itemListElement\":[{\"@type\":\"ListItem\",\"position\":1,\"name\":\"Home\",\"item\":\"https:\/\/lacouronne-solothurn.ch\/fr\/home\/\"},{\"@type\":\"ListItem\",\"position\":2,\"name\":\"Actualit\u00e9s et \u00e9v\u00e9nements\"}]},{\"@type\":\"WebSite\",\"@id\":\"https:\/\/lacouronne-solothurn.ch\/#website\",\"url\":\"https:\/\/lacouronne-solothurn.ch\/\",\"name\":\"La Couronne\",\"description\":\"Historisches Hotel in Solothurn\",\"publisher\":{\"@id\":\"https:\/\/lacouronne-solothurn.ch\/#organization\"},\"potentialAction\":[{\"@type\":\"SearchAction\",\"target\":{\"@type\":\"EntryPoint\",\"urlTemplate\":\"https:\/\/lacouronne-solothurn.ch\/?s={search_term_string}\"},\"query-input\":{\"@type\":\"PropertyValueSpecification\",\"valueRequired\":true,\"valueName\":\"search_term_string\"}}],\"inLanguage\":\"fr-FR\"},{\"@type\":\"Organization\",\"@id\":\"https:\/\/lacouronne-solothurn.ch\/#organization\",\"name\":\"La Couronne\",\"url\":\"https:\/\/lacouronne-solothurn.ch\/\",\"logo\":{\"@type\":\"ImageObject\",\"inLanguage\":\"fr-FR\",\"@id\":\"https:\/\/lacouronne-solothurn.ch\/#\/schema\/logo\/image\/\",\"url\":\"https:\/\/lacouronne-solothurn.ch\/app\/uploads\/2021\/06\/logo-lacouronne-positive.svg\",\"contentUrl\":\"https:\/\/lacouronne-solothurn.ch\/app\/uploads\/2021\/06\/logo-lacouronne-positive.svg\",\"width\":238,\"height\":90,\"caption\":\"La Couronne\"},\"image\":{\"@id\":\"https:\/\/lacouronne-solothurn.ch\/#\/schema\/logo\/image\/\"}}]}<\/script>\n<!-- \/ Yoast SEO Premium plugin. -->","yoast_head_json":{"title":"Actualit\u00e9s et \u00e9v\u00e9nements - La Couronne","robots":{"index":"index","follow":"follow","max-snippet":"max-snippet:-1","max-image-preview":"max-image-preview:large","max-video-preview":"max-video-preview:-1"},"canonical":"https:\/\/lacouronne-solothurn.ch\/fr\/actualites-et-evenements\/","og_locale":"fr_FR","og_type":"article","og_title":"Actualit\u00e9s et \u00e9v\u00e9nements","og_url":"https:\/\/lacouronne-solothurn.ch\/fr\/actualites-et-evenements\/","og_site_name":"La Couronne","article_modified_time":"2021-11-29T16:21:09+00:00","twitter_card":"summary_large_image","schema":{"@context":"https:\/\/schema.org","@graph":[{"@type":"WebPage","@id":"https:\/\/lacouronne-solothurn.ch\/fr\/actualites-et-evenements\/","url":"https:\/\/lacouronne-solothurn.ch\/fr\/actualites-et-evenements\/","name":"Actualit\u00e9s et \u00e9v\u00e9nements - La Couronne","isPartOf":{"@id":"https:\/\/lacouronne-solothurn.ch\/#website"},"datePublished":"2021-05-31T06:27:39+00:00","dateModified":"2021-11-29T16:21:09+00:00","breadcrumb":{"@id":"https:\/\/lacouronne-solothurn.ch\/fr\/actualites-et-evenements\/#breadcrumb"},"inLanguage":"fr-FR","potentialAction":[{"@type":"ReadAction","target":["https:\/\/lacouronne-solothurn.ch\/fr\/actualites-et-evenements\/"]}]},{"@type":"BreadcrumbList","@id":"https:\/\/lacouronne-solothurn.ch\/fr\/actualites-et-evenements\/#breadcrumb","itemListElement":[{"@type":"ListItem","position":1,"name":"Home","item":"https:\/\/lacouronne-solothurn.ch\/fr\/home\/"},{"@type":"ListItem","position":2,"name":"Actualit\u00e9s et \u00e9v\u00e9nements"}]},{"@type":"WebSite","@id":"https:\/\/lacouronne-solothurn.ch\/#website","url":"https:\/\/lacouronne-solothurn.ch\/","name":"La Couronne","description":"Historisches Hotel in Solothurn","publisher":{"@id":"https:\/\/lacouronne-solothurn.ch\/#organization"},"potentialAction":[{"@type":"SearchAction","target":{"@type":"EntryPoint","urlTemplate":"https:\/\/lacouronne-solothurn.ch\/?s={search_term_string}"},"query-input":{"@type":"PropertyValueSpecification","valueRequired":true,"valueName":"search_term_string"}}],"inLanguage":"fr-FR"},{"@type":"Organization","@id":"https:\/\/lacouronne-solothurn.ch\/#organization","name":"La Couronne","url":"https:\/\/lacouronne-solothurn.ch\/","logo":{"@type":"ImageObject","inLanguage":"fr-FR","@id":"https:\/\/lacouronne-solothurn.ch\/#\/schema\/logo\/image\/","url":"https:\/\/lacouronne-solothurn.ch\/app\/uploads\/2021\/06\/logo-lacouronne-positive.svg","contentUrl":"https:\/\/lacouronne-solothurn.ch\/app\/uploads\/2021\/06\/logo-lacouronne-positive.svg","width":238,"height":90,"caption":"La Couronne"},"image":{"@id":"https:\/\/lacouronne-solothurn.ch\/#\/schema\/logo\/image\/"}}]}},"_links":{"self":[{"href":"https:\/\/lacouronne-solothurn.ch\/fr\/wp-json\/wp\/v2\/pages\/3457","targetHints":{"allow":["GET"]}}],"collection":[{"href":"https:\/\/lacouronne-solothurn.ch\/fr\/wp-json\/wp\/v2\/pages"}],"about":[{"href":"https:\/\/lacouronne-solothurn.ch\/fr\/wp-json\/wp\/v2\/types\/page"}],"author":[{"embeddable":true,"href":"https:\/\/lacouronne-solothurn.ch\/fr\/wp-json\/wp\/v2\/users\/1"}],"replies":[{"embeddable":true,"href":"https:\/\/lacouronne-solothurn.ch\/fr\/wp-json\/wp\/v2\/comments?post=3457"}],"version-history":[{"count":3,"href":"https:\/\/lacouronne-solothurn.ch\/fr\/wp-json\/wp\/v2\/pages\/3457\/revisions"}],"predecessor-version":[{"id":3600,"href":"https:\/\/lacouronne-solothurn.ch\/fr\/wp-json\/wp\/v2\/pages\/3457\/revisions\/3600"}],"wp:attachment":[{"href":"https:\/\/lacouronne-solothurn.ch\/fr\/wp-json\/wp\/v2\/media?parent=3457"}],"curies":[{"name":"wp","href":"https:\/\/api.w.org\/{rel}","templated":true}]}}