{"id":3462,"date":"2021-09-02T12:14:19","date_gmt":"2021-09-02T12:14:19","guid":{"rendered":"https:\/\/couronne.baseltor.cyon.site\/actualites-et-evenements\/news\/"},"modified":"2024-02-23T13:03:45","modified_gmt":"2024-02-23T13:03:45","slug":"actualites","status":"publish","type":"page","link":"https:\/\/lacouronne-solothurn.ch\/fr\/actualites-et-evenements\/actualites\/","title":{"rendered":"Actualit\u00e9s"},"content":{"rendered":"","protected":false},"excerpt":{"rendered":"","protected":false},"author":1,"featured_media":0,"parent":3457,"menu_order":44,"comment_status":"closed","ping_status":"closed","template":"views\/template-news.blade.php","meta":{"_acf_changed":false,"inline_featured_image":false},"class_list":["post-3462","page","type-page","status-publish","hentry"],"acf":{"news_heading":"<h1>La Couronne &#8211; <em>notre<\/em> actualit\u00e9.<\/h1>\n<p>Soleure &#8211; la plus belle ville baroque de Suisse &#8211; a beaucoup plus \u00e0 offrir que notre magnifique h\u00f4tel-boutique 4 \u00e9toiles et notre excellente cuisine au restaurant Le Restaurant. Nous avons rassembl\u00e9 pour vous une s\u00e9lection d&#8217;activit\u00e9s sportives, culturelles et gourmandes \u00e0 Soleure et dans les environs. Laissez-vous inspirer et visitez le joyau des bords de l&#8217;Aar.<\/p>\n","elements":[{"acf_fc_layout":"image-text-teaser","image-text-teaser":{"placement-image":"left","background":"true","":null,"text":"<h2>Nos conseils<em> pour le joyau de l&#8217;Aar<\/em><\/h2>\n<p>Prenez un temps de plaisir et laissez-vous inspirer par le charme fran\u00e7ais au milieu d&#8217;un int\u00e9rieur mis en sc\u00e8ne de mani\u00e8re moderne. Nous servons des classiques fran\u00e7ais revisit\u00e9s, des produits frais et r\u00e9gionaux de nos partenaires de longue date, des menus l\u00e9gers et simples pour les gourmets exigeants, non conventionnels et traditionnels. La cuisine fran\u00e7aise conna\u00eet actuellement une grande renaissance dans le monde entier. Le savoir-vivre de l&#8217;\u00e9poque des ambassadeurs de Soleure se refl\u00e8te avec passion dans la gastronomie de &#8220;Le Restaurant&#8221;.<\/p>\n","link":{"title":"D\u00e9couvrir d\u00e8s maintenant","url":"\/fr\/inspiration\/","target":""},"image":{"ID":1136,"id":1136,"title":"wochenmarkt-aspect-ratio-630-630","filename":"wochenmarkt-aspect-ratio-630-630.jpg","filesize":139466,"url":"https:\/\/lacouronne-solothurn.ch\/app\/uploads\/2021\/09\/wochenmarkt-aspect-ratio-630-630.jpg","link":"https:\/\/lacouronne-solothurn.ch\/fr\/actualites-et-evenements\/actualites\/wochenmarkt-aspect-ratio-630-630-2\/","alt":"","author":"1","description":"","caption":"","name":"wochenmarkt-aspect-ratio-630-630-2","status":"inherit","uploaded_to":3462,"date":"2021-09-03 07:29:04","modified":"2021-09-03 07:29:04","menu_order":0,"mime_type":"image\/jpeg","type":"image","subtype":"jpeg","icon":"https:\/\/lacouronne-solothurn.ch\/wp\/wp-includes\/images\/media\/default.png","width":1120,"height":1120,"sizes":{"thumbnail":"https:\/\/lacouronne-solothurn.ch\/app\/uploads\/2021\/09\/wochenmarkt-aspect-ratio-630-630-150x150.jpg","thumbnail-width":150,"thumbnail-height":150,"medium":"https:\/\/lacouronne-solothurn.ch\/app\/uploads\/2021\/09\/wochenmarkt-aspect-ratio-630-630-300x300.jpg","medium-width":300,"medium-height":300,"medium_large":"https:\/\/lacouronne-solothurn.ch\/app\/uploads\/2021\/09\/wochenmarkt-aspect-ratio-630-630-768x768.jpg","medium_large-width":768,"medium_large-height":768,"large":"https:\/\/lacouronne-solothurn.ch\/app\/uploads\/2021\/09\/wochenmarkt-aspect-ratio-630-630-1024x1024.jpg","large-width":1024,"large-height":1024,"1536x1536":"https:\/\/lacouronne-solothurn.ch\/app\/uploads\/2021\/09\/wochenmarkt-aspect-ratio-630-630.jpg","1536x1536-width":1120,"1536x1536-height":1120,"2048x2048":"https:\/\/lacouronne-solothurn.ch\/app\/uploads\/2021\/09\/wochenmarkt-aspect-ratio-630-630.jpg","2048x2048-width":1120,"2048x2048-height":1120},"original_image":{"ID":709,"id":709,"title":"wochenmarkt","filename":"wochenmarkt.jpg","filesize":435828,"url":"https:\/\/lacouronne-solothurn.ch\/app\/uploads\/2021\/08\/wochenmarkt.jpg","link":"https:\/\/lacouronne-solothurn.ch\/fr\/inspirations\/wochenmarkt\/wochenmarkt\/","alt":"","author":"1","description":"","caption":"","name":"wochenmarkt","status":"inherit","uploaded_to":702,"date":"2021-08-19 13:10:46","modified":"2021-08-19 13:10:46","menu_order":0,"mime_type":"image\/jpeg","type":"image","subtype":"jpeg","icon":"https:\/\/lacouronne-solothurn.ch\/wp\/wp-includes\/images\/media\/default.png","width":1990,"height":1120,"sizes":{"thumbnail":"https:\/\/lacouronne-solothurn.ch\/app\/uploads\/2021\/08\/wochenmarkt-150x150.jpg","thumbnail-width":150,"thumbnail-height":150,"medium":"https:\/\/lacouronne-solothurn.ch\/app\/uploads\/2021\/08\/wochenmarkt-300x169.jpg","medium-width":300,"medium-height":169,"medium_large":"https:\/\/lacouronne-solothurn.ch\/app\/uploads\/2021\/08\/wochenmarkt-768x432.jpg","medium_large-width":768,"medium_large-height":432,"large":"https:\/\/lacouronne-solothurn.ch\/app\/uploads\/2021\/08\/wochenmarkt-1024x576.jpg","large-width":1024,"large-height":576,"1536x1536":"https:\/\/lacouronne-solothurn.ch\/app\/uploads\/2021\/08\/wochenmarkt-1536x864.jpg","1536x1536-width":1536,"1536x1536-height":864,"2048x2048":"https:\/\/lacouronne-solothurn.ch\/app\/uploads\/2021\/08\/wochenmarkt.jpg","2048x2048-width":1990,"2048x2048-height":1120}}},"image-mobile":{"ID":1139,"id":1139,"title":"wochenmarkt-aspect-ratio-630-756","filename":"wochenmarkt-aspect-ratio-630-756.jpg","filesize":113616,"url":"https:\/\/lacouronne-solothurn.ch\/app\/uploads\/2021\/09\/wochenmarkt-aspect-ratio-630-756.jpg","link":"https:\/\/lacouronne-solothurn.ch\/fr\/actualites-et-evenements\/actualites\/wochenmarkt-aspect-ratio-630-756-2\/","alt":"","author":"1","description":"","caption":"","name":"wochenmarkt-aspect-ratio-630-756-2","status":"inherit","uploaded_to":3462,"date":"2021-09-03 07:29:12","modified":"2021-09-03 07:29:12","menu_order":0,"mime_type":"image\/jpeg","type":"image","subtype":"jpeg","icon":"https:\/\/lacouronne-solothurn.ch\/wp\/wp-includes\/images\/media\/default.png","width":934,"height":1120,"sizes":{"thumbnail":"https:\/\/lacouronne-solothurn.ch\/app\/uploads\/2021\/09\/wochenmarkt-aspect-ratio-630-756-150x150.jpg","thumbnail-width":150,"thumbnail-height":150,"medium":"https:\/\/lacouronne-solothurn.ch\/app\/uploads\/2021\/09\/wochenmarkt-aspect-ratio-630-756-250x300.jpg","medium-width":250,"medium-height":300,"medium_large":"https:\/\/lacouronne-solothurn.ch\/app\/uploads\/2021\/09\/wochenmarkt-aspect-ratio-630-756-768x921.jpg","medium_large-width":768,"medium_large-height":921,"large":"https:\/\/lacouronne-solothurn.ch\/app\/uploads\/2021\/09\/wochenmarkt-aspect-ratio-630-756-854x1024.jpg","large-width":854,"large-height":1024,"1536x1536":"https:\/\/lacouronne-solothurn.ch\/app\/uploads\/2021\/09\/wochenmarkt-aspect-ratio-630-756.jpg","1536x1536-width":934,"1536x1536-height":1120,"2048x2048":"https:\/\/lacouronne-solothurn.ch\/app\/uploads\/2021\/09\/wochenmarkt-aspect-ratio-630-756.jpg","2048x2048-width":934,"2048x2048-height":1120},"original_image":{"ID":709,"id":709,"title":"wochenmarkt","filename":"wochenmarkt.jpg","filesize":435828,"url":"https:\/\/lacouronne-solothurn.ch\/app\/uploads\/2021\/08\/wochenmarkt.jpg","link":"https:\/\/lacouronne-solothurn.ch\/fr\/inspirations\/wochenmarkt\/wochenmarkt\/","alt":"","author":"1","description":"","caption":"","name":"wochenmarkt","status":"inherit","uploaded_to":702,"date":"2021-08-19 13:10:46","modified":"2021-08-19 13:10:46","menu_order":0,"mime_type":"image\/jpeg","type":"image","subtype":"jpeg","icon":"https:\/\/lacouronne-solothurn.ch\/wp\/wp-includes\/images\/media\/default.png","width":1990,"height":1120,"sizes":{"thumbnail":"https:\/\/lacouronne-solothurn.ch\/app\/uploads\/2021\/08\/wochenmarkt-150x150.jpg","thumbnail-width":150,"thumbnail-height":150,"medium":"https:\/\/lacouronne-solothurn.ch\/app\/uploads\/2021\/08\/wochenmarkt-300x169.jpg","medium-width":300,"medium-height":169,"medium_large":"https:\/\/lacouronne-solothurn.ch\/app\/uploads\/2021\/08\/wochenmarkt-768x432.jpg","medium_large-width":768,"medium_large-height":432,"large":"https:\/\/lacouronne-solothurn.ch\/app\/uploads\/2021\/08\/wochenmarkt-1024x576.jpg","large-width":1024,"large-height":576,"1536x1536":"https:\/\/lacouronne-solothurn.ch\/app\/uploads\/2021\/08\/wochenmarkt-1536x864.jpg","1536x1536-width":1536,"1536x1536-height":864,"2048x2048":"https:\/\/lacouronne-solothurn.ch\/app\/uploads\/2021\/08\/wochenmarkt.jpg","2048x2048-width":1990,"2048x2048-height":1120}}},"show_additional_images":false,"additional_images":false,"cta-show":false,"cta":{"link":null,"icon":"none"}}}],"news_elements":{"elements":[{"acf_fc_layout":"image-text-teaser","image-text-teaser":{"placement-image":"left","background":"true","":null,"text":"<h2>Nos conseils<em> pour le joyau de l&#8217;Aar<\/em><\/h2>\n<p>Prenez un temps de plaisir et laissez-vous inspirer par le charme fran\u00e7ais au milieu d&#8217;un int\u00e9rieur mis en sc\u00e8ne de mani\u00e8re moderne. Nous servons des classiques fran\u00e7ais revisit\u00e9s, des produits frais et r\u00e9gionaux de nos partenaires de longue date, des menus l\u00e9gers et simples pour les gourmets exigeants, non conventionnels et traditionnels. La cuisine fran\u00e7aise conna\u00eet actuellement une grande renaissance dans le monde entier. Le savoir-vivre de l&#8217;\u00e9poque des ambassadeurs de Soleure se refl\u00e8te avec passion dans la gastronomie de &#8220;Le Restaurant&#8221;.<\/p>\n","link":{"title":"D\u00e9couvrir d\u00e8s maintenant","url":"\/fr\/inspiration\/","target":""},"image":{"ID":1136,"id":1136,"title":"wochenmarkt-aspect-ratio-630-630","filename":"wochenmarkt-aspect-ratio-630-630.jpg","filesize":139466,"url":"https:\/\/lacouronne-solothurn.ch\/app\/uploads\/2021\/09\/wochenmarkt-aspect-ratio-630-630.jpg","link":"https:\/\/lacouronne-solothurn.ch\/fr\/actualites-et-evenements\/actualites\/wochenmarkt-aspect-ratio-630-630-2\/","alt":"","author":"1","description":"","caption":"","name":"wochenmarkt-aspect-ratio-630-630-2","status":"inherit","uploaded_to":3462,"date":"2021-09-03 07:29:04","modified":"2021-09-03 07:29:04","menu_order":0,"mime_type":"image\/jpeg","type":"image","subtype":"jpeg","icon":"https:\/\/lacouronne-solothurn.ch\/wp\/wp-includes\/images\/media\/default.png","width":1120,"height":1120,"sizes":{"thumbnail":"https:\/\/lacouronne-solothurn.ch\/app\/uploads\/2021\/09\/wochenmarkt-aspect-ratio-630-630-150x150.jpg","thumbnail-width":150,"thumbnail-height":150,"medium":"https:\/\/lacouronne-solothurn.ch\/app\/uploads\/2021\/09\/wochenmarkt-aspect-ratio-630-630-300x300.jpg","medium-width":300,"medium-height":300,"medium_large":"https:\/\/lacouronne-solothurn.ch\/app\/uploads\/2021\/09\/wochenmarkt-aspect-ratio-630-630-768x768.jpg","medium_large-width":768,"medium_large-height":768,"large":"https:\/\/lacouronne-solothurn.ch\/app\/uploads\/2021\/09\/wochenmarkt-aspect-ratio-630-630-1024x1024.jpg","large-width":1024,"large-height":1024,"1536x1536":"https:\/\/lacouronne-solothurn.ch\/app\/uploads\/2021\/09\/wochenmarkt-aspect-ratio-630-630.jpg","1536x1536-width":1120,"1536x1536-height":1120,"2048x2048":"https:\/\/lacouronne-solothurn.ch\/app\/uploads\/2021\/09\/wochenmarkt-aspect-ratio-630-630.jpg","2048x2048-width":1120,"2048x2048-height":1120},"original_image":{"ID":709,"id":709,"title":"wochenmarkt","filename":"wochenmarkt.jpg","filesize":435828,"url":"https:\/\/lacouronne-solothurn.ch\/app\/uploads\/2021\/08\/wochenmarkt.jpg","link":"https:\/\/lacouronne-solothurn.ch\/fr\/inspirations\/wochenmarkt\/wochenmarkt\/","alt":"","author":"1","description":"","caption":"","name":"wochenmarkt","status":"inherit","uploaded_to":702,"date":"2021-08-19 13:10:46","modified":"2021-08-19 13:10:46","menu_order":0,"mime_type":"image\/jpeg","type":"image","subtype":"jpeg","icon":"https:\/\/lacouronne-solothurn.ch\/wp\/wp-includes\/images\/media\/default.png","width":1990,"height":1120,"sizes":{"thumbnail":"https:\/\/lacouronne-solothurn.ch\/app\/uploads\/2021\/08\/wochenmarkt-150x150.jpg","thumbnail-width":150,"thumbnail-height":150,"medium":"https:\/\/lacouronne-solothurn.ch\/app\/uploads\/2021\/08\/wochenmarkt-300x169.jpg","medium-width":300,"medium-height":169,"medium_large":"https:\/\/lacouronne-solothurn.ch\/app\/uploads\/2021\/08\/wochenmarkt-768x432.jpg","medium_large-width":768,"medium_large-height":432,"large":"https:\/\/lacouronne-solothurn.ch\/app\/uploads\/2021\/08\/wochenmarkt-1024x576.jpg","large-width":1024,"large-height":576,"1536x1536":"https:\/\/lacouronne-solothurn.ch\/app\/uploads\/2021\/08\/wochenmarkt-1536x864.jpg","1536x1536-width":1536,"1536x1536-height":864,"2048x2048":"https:\/\/lacouronne-solothurn.ch\/app\/uploads\/2021\/08\/wochenmarkt.jpg","2048x2048-width":1990,"2048x2048-height":1120}}},"image-mobile":{"ID":1139,"id":1139,"title":"wochenmarkt-aspect-ratio-630-756","filename":"wochenmarkt-aspect-ratio-630-756.jpg","filesize":113616,"url":"https:\/\/lacouronne-solothurn.ch\/app\/uploads\/2021\/09\/wochenmarkt-aspect-ratio-630-756.jpg","link":"https:\/\/lacouronne-solothurn.ch\/fr\/actualites-et-evenements\/actualites\/wochenmarkt-aspect-ratio-630-756-2\/","alt":"","author":"1","description":"","caption":"","name":"wochenmarkt-aspect-ratio-630-756-2","status":"inherit","uploaded_to":3462,"date":"2021-09-03 07:29:12","modified":"2021-09-03 07:29:12","menu_order":0,"mime_type":"image\/jpeg","type":"image","subtype":"jpeg","icon":"https:\/\/lacouronne-solothurn.ch\/wp\/wp-includes\/images\/media\/default.png","width":934,"height":1120,"sizes":{"thumbnail":"https:\/\/lacouronne-solothurn.ch\/app\/uploads\/2021\/09\/wochenmarkt-aspect-ratio-630-756-150x150.jpg","thumbnail-width":150,"thumbnail-height":150,"medium":"https:\/\/lacouronne-solothurn.ch\/app\/uploads\/2021\/09\/wochenmarkt-aspect-ratio-630-756-250x300.jpg","medium-width":250,"medium-height":300,"medium_large":"https:\/\/lacouronne-solothurn.ch\/app\/uploads\/2021\/09\/wochenmarkt-aspect-ratio-630-756-768x921.jpg","medium_large-width":768,"medium_large-height":921,"large":"https:\/\/lacouronne-solothurn.ch\/app\/uploads\/2021\/09\/wochenmarkt-aspect-ratio-630-756-854x1024.jpg","large-width":854,"large-height":1024,"1536x1536":"https:\/\/lacouronne-solothurn.ch\/app\/uploads\/2021\/09\/wochenmarkt-aspect-ratio-630-756.jpg","1536x1536-width":934,"1536x1536-height":1120,"2048x2048":"https:\/\/lacouronne-solothurn.ch\/app\/uploads\/2021\/09\/wochenmarkt-aspect-ratio-630-756.jpg","2048x2048-width":934,"2048x2048-height":1120},"original_image":{"ID":709,"id":709,"title":"wochenmarkt","filename":"wochenmarkt.jpg","filesize":435828,"url":"https:\/\/lacouronne-solothurn.ch\/app\/uploads\/2021\/08\/wochenmarkt.jpg","link":"https:\/\/lacouronne-solothurn.ch\/fr\/inspirations\/wochenmarkt\/wochenmarkt\/","alt":"","author":"1","description":"","caption":"","name":"wochenmarkt","status":"inherit","uploaded_to":702,"date":"2021-08-19 13:10:46","modified":"2021-08-19 13:10:46","menu_order":0,"mime_type":"image\/jpeg","type":"image","subtype":"jpeg","icon":"https:\/\/lacouronne-solothurn.ch\/wp\/wp-includes\/images\/media\/default.png","width":1990,"height":1120,"sizes":{"thumbnail":"https:\/\/lacouronne-solothurn.ch\/app\/uploads\/2021\/08\/wochenmarkt-150x150.jpg","thumbnail-width":150,"thumbnail-height":150,"medium":"https:\/\/lacouronne-solothurn.ch\/app\/uploads\/2021\/08\/wochenmarkt-300x169.jpg","medium-width":300,"medium-height":169,"medium_large":"https:\/\/lacouronne-solothurn.ch\/app\/uploads\/2021\/08\/wochenmarkt-768x432.jpg","medium_large-width":768,"medium_large-height":432,"large":"https:\/\/lacouronne-solothurn.ch\/app\/uploads\/2021\/08\/wochenmarkt-1024x576.jpg","large-width":1024,"large-height":576,"1536x1536":"https:\/\/lacouronne-solothurn.ch\/app\/uploads\/2021\/08\/wochenmarkt-1536x864.jpg","1536x1536-width":1536,"1536x1536-height":864,"2048x2048":"https:\/\/lacouronne-solothurn.ch\/app\/uploads\/2021\/08\/wochenmarkt.jpg","2048x2048-width":1990,"2048x2048-height":1120}}},"show_additional_images":false,"additional_images":false,"cta-show":false,"cta":{"link":null,"icon":"none"}}}]},"news_filter":{"title":"Cat\u00e9gories de nouvelles"},"seo":{"active":true,"title":"","text":"","image":false,"keywords":""}},"yoast_head":"<!-- This site is optimized with the Yoast SEO Premium plugin v26.7 (Yoast SEO v26.7) - https:\/\/yoast.com\/wordpress\/plugins\/seo\/ -->\n<title>Actualit\u00e9s - La Couronne<\/title>\n<meta name=\"robots\" content=\"index, follow, max-snippet:-1, max-image-preview:large, max-video-preview:-1\" \/>\n<link rel=\"canonical\" href=\"https:\/\/lacouronne-solothurn.ch\/fr\/actualites-et-evenements\/actualites\/\" \/>\n<meta property=\"og:locale\" content=\"fr_FR\" \/>\n<meta property=\"og:type\" content=\"article\" \/>\n<meta property=\"og:title\" content=\"Actualit\u00e9s\" \/>\n<meta property=\"og:url\" content=\"https:\/\/lacouronne-solothurn.ch\/fr\/actualites-et-evenements\/actualites\/\" \/>\n<meta property=\"og:site_name\" content=\"La Couronne\" \/>\n<meta property=\"article:modified_time\" content=\"2024-02-23T13:03:45+00:00\" \/>\n<meta name=\"twitter:card\" content=\"summary_large_image\" \/>\n<script type=\"application\/ld+json\" class=\"yoast-schema-graph\">{\"@context\":\"https:\/\/schema.org\",\"@graph\":[{\"@type\":\"WebPage\",\"@id\":\"https:\/\/lacouronne-solothurn.ch\/fr\/actualites-et-evenements\/actualites\/\",\"url\":\"https:\/\/lacouronne-solothurn.ch\/fr\/actualites-et-evenements\/actualites\/\",\"name\":\"Actualit\u00e9s - La Couronne\",\"isPartOf\":{\"@id\":\"https:\/\/lacouronne-solothurn.ch\/#website\"},\"datePublished\":\"2021-09-02T12:14:19+00:00\",\"dateModified\":\"2024-02-23T13:03:45+00:00\",\"breadcrumb\":{\"@id\":\"https:\/\/lacouronne-solothurn.ch\/fr\/actualites-et-evenements\/actualites\/#breadcrumb\"},\"inLanguage\":\"fr-FR\",\"potentialAction\":[{\"@type\":\"ReadAction\",\"target\":[\"https:\/\/lacouronne-solothurn.ch\/fr\/actualites-et-evenements\/actualites\/\"]}]},{\"@type\":\"BreadcrumbList\",\"@id\":\"https:\/\/lacouronne-solothurn.ch\/fr\/actualites-et-evenements\/actualites\/#breadcrumb\",\"itemListElement\":[{\"@type\":\"ListItem\",\"position\":1,\"name\":\"Home\",\"item\":\"https:\/\/lacouronne-solothurn.ch\/fr\/home\/\"},{\"@type\":\"ListItem\",\"position\":2,\"name\":\"Actualit\u00e9s et \u00e9v\u00e9nements\",\"item\":\"https:\/\/lacouronne-solothurn.ch\/fr\/actualites-et-evenements\/\"},{\"@type\":\"ListItem\",\"position\":3,\"name\":\"Actualit\u00e9s\"}]},{\"@type\":\"WebSite\",\"@id\":\"https:\/\/lacouronne-solothurn.ch\/#website\",\"url\":\"https:\/\/lacouronne-solothurn.ch\/\",\"name\":\"La Couronne\",\"description\":\"Historisches Hotel in Solothurn\",\"publisher\":{\"@id\":\"https:\/\/lacouronne-solothurn.ch\/#organization\"},\"potentialAction\":[{\"@type\":\"SearchAction\",\"target\":{\"@type\":\"EntryPoint\",\"urlTemplate\":\"https:\/\/lacouronne-solothurn.ch\/?s={search_term_string}\"},\"query-input\":{\"@type\":\"PropertyValueSpecification\",\"valueRequired\":true,\"valueName\":\"search_term_string\"}}],\"inLanguage\":\"fr-FR\"},{\"@type\":\"Organization\",\"@id\":\"https:\/\/lacouronne-solothurn.ch\/#organization\",\"name\":\"La Couronne\",\"url\":\"https:\/\/lacouronne-solothurn.ch\/\",\"logo\":{\"@type\":\"ImageObject\",\"inLanguage\":\"fr-FR\",\"@id\":\"https:\/\/lacouronne-solothurn.ch\/#\/schema\/logo\/image\/\",\"url\":\"https:\/\/lacouronne-solothurn.ch\/app\/uploads\/2021\/06\/logo-lacouronne-positive.svg\",\"contentUrl\":\"https:\/\/lacouronne-solothurn.ch\/app\/uploads\/2021\/06\/logo-lacouronne-positive.svg\",\"width\":238,\"height\":90,\"caption\":\"La Couronne\"},\"image\":{\"@id\":\"https:\/\/lacouronne-solothurn.ch\/#\/schema\/logo\/image\/\"}}]}<\/script>\n<!-- \/ Yoast SEO Premium plugin. -->","yoast_head_json":{"title":"Actualit\u00e9s - La Couronne","robots":{"index":"index","follow":"follow","max-snippet":"max-snippet:-1","max-image-preview":"max-image-preview:large","max-video-preview":"max-video-preview:-1"},"canonical":"https:\/\/lacouronne-solothurn.ch\/fr\/actualites-et-evenements\/actualites\/","og_locale":"fr_FR","og_type":"article","og_title":"Actualit\u00e9s","og_url":"https:\/\/lacouronne-solothurn.ch\/fr\/actualites-et-evenements\/actualites\/","og_site_name":"La Couronne","article_modified_time":"2024-02-23T13:03:45+00:00","twitter_card":"summary_large_image","schema":{"@context":"https:\/\/schema.org","@graph":[{"@type":"WebPage","@id":"https:\/\/lacouronne-solothurn.ch\/fr\/actualites-et-evenements\/actualites\/","url":"https:\/\/lacouronne-solothurn.ch\/fr\/actualites-et-evenements\/actualites\/","name":"Actualit\u00e9s - La Couronne","isPartOf":{"@id":"https:\/\/lacouronne-solothurn.ch\/#website"},"datePublished":"2021-09-02T12:14:19+00:00","dateModified":"2024-02-23T13:03:45+00:00","breadcrumb":{"@id":"https:\/\/lacouronne-solothurn.ch\/fr\/actualites-et-evenements\/actualites\/#breadcrumb"},"inLanguage":"fr-FR","potentialAction":[{"@type":"ReadAction","target":["https:\/\/lacouronne-solothurn.ch\/fr\/actualites-et-evenements\/actualites\/"]}]},{"@type":"BreadcrumbList","@id":"https:\/\/lacouronne-solothurn.ch\/fr\/actualites-et-evenements\/actualites\/#breadcrumb","itemListElement":[{"@type":"ListItem","position":1,"name":"Home","item":"https:\/\/lacouronne-solothurn.ch\/fr\/home\/"},{"@type":"ListItem","position":2,"name":"Actualit\u00e9s et \u00e9v\u00e9nements","item":"https:\/\/lacouronne-solothurn.ch\/fr\/actualites-et-evenements\/"},{"@type":"ListItem","position":3,"name":"Actualit\u00e9s"}]},{"@type":"WebSite","@id":"https:\/\/lacouronne-solothurn.ch\/#website","url":"https:\/\/lacouronne-solothurn.ch\/","name":"La Couronne","description":"Historisches Hotel in Solothurn","publisher":{"@id":"https:\/\/lacouronne-solothurn.ch\/#organization"},"potentialAction":[{"@type":"SearchAction","target":{"@type":"EntryPoint","urlTemplate":"https:\/\/lacouronne-solothurn.ch\/?s={search_term_string}"},"query-input":{"@type":"PropertyValueSpecification","valueRequired":true,"valueName":"search_term_string"}}],"inLanguage":"fr-FR"},{"@type":"Organization","@id":"https:\/\/lacouronne-solothurn.ch\/#organization","name":"La Couronne","url":"https:\/\/lacouronne-solothurn.ch\/","logo":{"@type":"ImageObject","inLanguage":"fr-FR","@id":"https:\/\/lacouronne-solothurn.ch\/#\/schema\/logo\/image\/","url":"https:\/\/lacouronne-solothurn.ch\/app\/uploads\/2021\/06\/logo-lacouronne-positive.svg","contentUrl":"https:\/\/lacouronne-solothurn.ch\/app\/uploads\/2021\/06\/logo-lacouronne-positive.svg","width":238,"height":90,"caption":"La Couronne"},"image":{"@id":"https:\/\/lacouronne-solothurn.ch\/#\/schema\/logo\/image\/"}}]}},"_links":{"self":[{"href":"https:\/\/lacouronne-solothurn.ch\/fr\/wp-json\/wp\/v2\/pages\/3462","targetHints":{"allow":["GET"]}}],"collection":[{"href":"https:\/\/lacouronne-solothurn.ch\/fr\/wp-json\/wp\/v2\/pages"}],"about":[{"href":"https:\/\/lacouronne-solothurn.ch\/fr\/wp-json\/wp\/v2\/types\/page"}],"author":[{"embeddable":true,"href":"https:\/\/lacouronne-solothurn.ch\/fr\/wp-json\/wp\/v2\/users\/1"}],"replies":[{"embeddable":true,"href":"https:\/\/lacouronne-solothurn.ch\/fr\/wp-json\/wp\/v2\/comments?post=3462"}],"version-history":[{"count":7,"href":"https:\/\/lacouronne-solothurn.ch\/fr\/wp-json\/wp\/v2\/pages\/3462\/revisions"}],"predecessor-version":[{"id":3772,"href":"https:\/\/lacouronne-solothurn.ch\/fr\/wp-json\/wp\/v2\/pages\/3462\/revisions\/3772"}],"up":[{"embeddable":true,"href":"https:\/\/lacouronne-solothurn.ch\/fr\/wp-json\/wp\/v2\/pages\/3457"}],"wp:attachment":[{"href":"https:\/\/lacouronne-solothurn.ch\/fr\/wp-json\/wp\/v2\/media?parent=3462"}],"curies":[{"name":"wp","href":"https:\/\/api.w.org\/{rel}","templated":true}]}}