{"id":3464,"date":"2021-05-31T06:27:39","date_gmt":"2021-05-31T06:27:39","guid":{"rendered":"https:\/\/couronne.baseltor.cyon.site\/seminare-und-meetings\/"},"modified":"2021-12-01T09:32:34","modified_gmt":"2021-12-01T09:32:34","slug":"seminaires-et-reunions","status":"publish","type":"page","link":"https:\/\/lacouronne-solothurn.ch\/fr\/seminaires-et-reunions\/","title":{"rendered":"S\u00e9minaires et r\u00e9unions"},"content":{"rendered":"","protected":false},"excerpt":{"rendered":"","protected":false},"author":1,"featured_media":0,"parent":0,"menu_order":48,"comment_status":"closed","ping_status":"closed","template":"views\/template-locations.blade.php","meta":{"_acf_changed":false,"inline_featured_image":false},"class_list":["post-3464","page","type-page","status-publish","hentry"],"acf":{"locations_heading":"<h1>S\u00e9minaires et r\u00e9unions<\/h1>\n<p><span style=\"font-weight: 400;\">L\u2019\u00e9tablissement La Couronne est certes empreint d\u2019histoire, mais il dispose \u00e9galement de salles de s\u00e9minaire \u00e9quip\u00e9es d\u2019une technologie de pointe. Laissez-vous inspirer par cette atmosph\u00e8re et confiez-nous l\u2019organisation de votre \u00e9v\u00e9nement professionnel.<\/span><\/p>\n","elements":[{"acf_fc_layout":"image-text-teaser","image-text-teaser":{"placement-image":"left","background":"true","":null,"text":"<h2>La cuisine fran\u00e7aise \u00e0 l\u2019honneur<\/h2>\n<p><span style=\"font-weight: 400;\">Notre restaurant vous propose des mets inspir\u00e9s de la gastronomie fran\u00e7aise. Le chef Martin Elschner et sa brigade cuisinent chaque jour des produits frais de la r\u00e9gion. Des plats simples servis \u00e0 midi au menu gourmet propos\u00e9 le soir, il y en a pour tous les go\u00fbts.<\/span><\/p>\n","link":{"title":"D\u00e9couvrir la carte","url":"\/fr\/manger-et-boire\/","target":""},"image":{"ID":1791,"id":1791,"title":"LaCouronne_Solothurn_Hotel_Restaurant_Food_Essen-aspect-ratio-630-630","filename":"LaCouronne_Solothurn_Hotel_Restaurant_Food_Essen-aspect-ratio-630-630-1.jpg","filesize":290180,"url":"https:\/\/lacouronne-solothurn.ch\/app\/uploads\/2021\/09\/LaCouronne_Solothurn_Hotel_Restaurant_Food_Essen-aspect-ratio-630-630-1.jpg","link":"https:\/\/lacouronne-solothurn.ch\/fr\/seminaires-et-reunions\/lacouronne_solothurn_hotel_restaurant_food_essen-aspect-ratio-630-630-2-2\/","alt":"","author":"2","description":"","caption":"","name":"lacouronne_solothurn_hotel_restaurant_food_essen-aspect-ratio-630-630-2-2","status":"inherit","uploaded_to":3464,"date":"2021-09-23 09:08:28","modified":"2021-09-23 09:08:28","menu_order":0,"mime_type":"image\/jpeg","type":"image","subtype":"jpeg","icon":"https:\/\/lacouronne-solothurn.ch\/wp\/wp-includes\/images\/media\/default.png","width":1667,"height":1667,"sizes":{"thumbnail":"https:\/\/lacouronne-solothurn.ch\/app\/uploads\/2021\/09\/LaCouronne_Solothurn_Hotel_Restaurant_Food_Essen-aspect-ratio-630-630-1-150x150.jpg","thumbnail-width":150,"thumbnail-height":150,"medium":"https:\/\/lacouronne-solothurn.ch\/app\/uploads\/2021\/09\/LaCouronne_Solothurn_Hotel_Restaurant_Food_Essen-aspect-ratio-630-630-1-300x300.jpg","medium-width":300,"medium-height":300,"medium_large":"https:\/\/lacouronne-solothurn.ch\/app\/uploads\/2021\/09\/LaCouronne_Solothurn_Hotel_Restaurant_Food_Essen-aspect-ratio-630-630-1-768x768.jpg","medium_large-width":768,"medium_large-height":768,"large":"https:\/\/lacouronne-solothurn.ch\/app\/uploads\/2021\/09\/LaCouronne_Solothurn_Hotel_Restaurant_Food_Essen-aspect-ratio-630-630-1-1024x1024.jpg","large-width":1024,"large-height":1024,"1536x1536":"https:\/\/lacouronne-solothurn.ch\/app\/uploads\/2021\/09\/LaCouronne_Solothurn_Hotel_Restaurant_Food_Essen-aspect-ratio-630-630-1-1536x1536.jpg","1536x1536-width":1536,"1536x1536-height":1536,"2048x2048":"https:\/\/lacouronne-solothurn.ch\/app\/uploads\/2021\/09\/LaCouronne_Solothurn_Hotel_Restaurant_Food_Essen-aspect-ratio-630-630-1.jpg","2048x2048-width":1667,"2048x2048-height":1667},"original_image":{"ID":1646,"id":1646,"title":"LaCouronne_Solothurn_Hotel_Restaurant_Food_Essen","filename":"LaCouronne_Solothurn_Hotel_Restaurant_Food_Essen.jpg","filesize":323970,"url":"https:\/\/lacouronne-solothurn.ch\/app\/uploads\/2021\/08\/LaCouronne_Solothurn_Hotel_Restaurant_Food_Essen.jpg","link":"https:\/\/lacouronne-solothurn.ch\/fr\/lacouronne_solothurn_hotel_restaurant_food_essen\/","alt":"","author":"2","description":"","caption":"","name":"lacouronne_solothurn_hotel_restaurant_food_essen","status":"inherit","uploaded_to":0,"date":"2021-09-23 08:21:18","modified":"2021-09-23 08:21:18","menu_order":0,"mime_type":"image\/jpeg","type":"image","subtype":"jpeg","icon":"https:\/\/lacouronne-solothurn.ch\/wp\/wp-includes\/images\/media\/default.png","width":2500,"height":1667,"sizes":{"thumbnail":"https:\/\/lacouronne-solothurn.ch\/app\/uploads\/2021\/08\/LaCouronne_Solothurn_Hotel_Restaurant_Food_Essen-150x150.jpg","thumbnail-width":150,"thumbnail-height":150,"medium":"https:\/\/lacouronne-solothurn.ch\/app\/uploads\/2021\/08\/LaCouronne_Solothurn_Hotel_Restaurant_Food_Essen-300x200.jpg","medium-width":300,"medium-height":200,"medium_large":"https:\/\/lacouronne-solothurn.ch\/app\/uploads\/2021\/08\/LaCouronne_Solothurn_Hotel_Restaurant_Food_Essen-768x512.jpg","medium_large-width":768,"medium_large-height":512,"large":"https:\/\/lacouronne-solothurn.ch\/app\/uploads\/2021\/08\/LaCouronne_Solothurn_Hotel_Restaurant_Food_Essen-1024x683.jpg","large-width":1024,"large-height":683,"1536x1536":"https:\/\/lacouronne-solothurn.ch\/app\/uploads\/2021\/08\/LaCouronne_Solothurn_Hotel_Restaurant_Food_Essen-1536x1024.jpg","1536x1536-width":1536,"1536x1536-height":1024,"2048x2048":"https:\/\/lacouronne-solothurn.ch\/app\/uploads\/2021\/08\/LaCouronne_Solothurn_Hotel_Restaurant_Food_Essen-2048x1366.jpg","2048x2048-width":2048,"2048x2048-height":1366}}},"image-mobile":{"ID":1794,"id":1794,"title":"LaCouronne_Solothurn_Hotel_Restaurant_Food_Essen-aspect-ratio-630-756","filename":"LaCouronne_Solothurn_Hotel_Restaurant_Food_Essen-aspect-ratio-630-756-1.jpg","filesize":269798,"url":"https:\/\/lacouronne-solothurn.ch\/app\/uploads\/2021\/09\/LaCouronne_Solothurn_Hotel_Restaurant_Food_Essen-aspect-ratio-630-756-1.jpg","link":"https:\/\/lacouronne-solothurn.ch\/fr\/seminaires-et-reunions\/lacouronne_solothurn_hotel_restaurant_food_essen-aspect-ratio-630-756-2-2\/","alt":"","author":"2","description":"","caption":"","name":"lacouronne_solothurn_hotel_restaurant_food_essen-aspect-ratio-630-756-2-2","status":"inherit","uploaded_to":3464,"date":"2021-09-23 09:08:39","modified":"2021-09-23 09:08:39","menu_order":0,"mime_type":"image\/jpeg","type":"image","subtype":"jpeg","icon":"https:\/\/lacouronne-solothurn.ch\/wp\/wp-includes\/images\/media\/default.png","width":1390,"height":1667,"sizes":{"thumbnail":"https:\/\/lacouronne-solothurn.ch\/app\/uploads\/2021\/09\/LaCouronne_Solothurn_Hotel_Restaurant_Food_Essen-aspect-ratio-630-756-1-150x150.jpg","thumbnail-width":150,"thumbnail-height":150,"medium":"https:\/\/lacouronne-solothurn.ch\/app\/uploads\/2021\/09\/LaCouronne_Solothurn_Hotel_Restaurant_Food_Essen-aspect-ratio-630-756-1-250x300.jpg","medium-width":250,"medium-height":300,"medium_large":"https:\/\/lacouronne-solothurn.ch\/app\/uploads\/2021\/09\/LaCouronne_Solothurn_Hotel_Restaurant_Food_Essen-aspect-ratio-630-756-1-768x921.jpg","medium_large-width":768,"medium_large-height":921,"large":"https:\/\/lacouronne-solothurn.ch\/app\/uploads\/2021\/09\/LaCouronne_Solothurn_Hotel_Restaurant_Food_Essen-aspect-ratio-630-756-1-854x1024.jpg","large-width":854,"large-height":1024,"1536x1536":"https:\/\/lacouronne-solothurn.ch\/app\/uploads\/2021\/09\/LaCouronne_Solothurn_Hotel_Restaurant_Food_Essen-aspect-ratio-630-756-1-1281x1536.jpg","1536x1536-width":1281,"1536x1536-height":1536,"2048x2048":"https:\/\/lacouronne-solothurn.ch\/app\/uploads\/2021\/09\/LaCouronne_Solothurn_Hotel_Restaurant_Food_Essen-aspect-ratio-630-756-1.jpg","2048x2048-width":1390,"2048x2048-height":1667},"original_image":{"ID":1646,"id":1646,"title":"LaCouronne_Solothurn_Hotel_Restaurant_Food_Essen","filename":"LaCouronne_Solothurn_Hotel_Restaurant_Food_Essen.jpg","filesize":323970,"url":"https:\/\/lacouronne-solothurn.ch\/app\/uploads\/2021\/08\/LaCouronne_Solothurn_Hotel_Restaurant_Food_Essen.jpg","link":"https:\/\/lacouronne-solothurn.ch\/fr\/lacouronne_solothurn_hotel_restaurant_food_essen\/","alt":"","author":"2","description":"","caption":"","name":"lacouronne_solothurn_hotel_restaurant_food_essen","status":"inherit","uploaded_to":0,"date":"2021-09-23 08:21:18","modified":"2021-09-23 08:21:18","menu_order":0,"mime_type":"image\/jpeg","type":"image","subtype":"jpeg","icon":"https:\/\/lacouronne-solothurn.ch\/wp\/wp-includes\/images\/media\/default.png","width":2500,"height":1667,"sizes":{"thumbnail":"https:\/\/lacouronne-solothurn.ch\/app\/uploads\/2021\/08\/LaCouronne_Solothurn_Hotel_Restaurant_Food_Essen-150x150.jpg","thumbnail-width":150,"thumbnail-height":150,"medium":"https:\/\/lacouronne-solothurn.ch\/app\/uploads\/2021\/08\/LaCouronne_Solothurn_Hotel_Restaurant_Food_Essen-300x200.jpg","medium-width":300,"medium-height":200,"medium_large":"https:\/\/lacouronne-solothurn.ch\/app\/uploads\/2021\/08\/LaCouronne_Solothurn_Hotel_Restaurant_Food_Essen-768x512.jpg","medium_large-width":768,"medium_large-height":512,"large":"https:\/\/lacouronne-solothurn.ch\/app\/uploads\/2021\/08\/LaCouronne_Solothurn_Hotel_Restaurant_Food_Essen-1024x683.jpg","large-width":1024,"large-height":683,"1536x1536":"https:\/\/lacouronne-solothurn.ch\/app\/uploads\/2021\/08\/LaCouronne_Solothurn_Hotel_Restaurant_Food_Essen-1536x1024.jpg","1536x1536-width":1536,"1536x1536-height":1024,"2048x2048":"https:\/\/lacouronne-solothurn.ch\/app\/uploads\/2021\/08\/LaCouronne_Solothurn_Hotel_Restaurant_Food_Essen-2048x1366.jpg","2048x2048-width":2048,"2048x2048-height":1366}}},"show_additional_images":false,"additional_images":false,"cta-show":true,"cta":{"link":{"title":"Reserver","url":"https:\/\/mytools.aleno.me\/reservations\/v2.0\/reservations.html?k=eyJrIjoid2l2dTVrM2lsNm15cnBiOWlwdzZ4bmViajhycnVkaWRpZ280bGZwODBsbzlhNGlweTEiLCJsIjoiZGUiLCJyIjoiYk13YWEyUGtnMlJRWGdoa2EiLCJzIjoiaHR0cHM6Ly9teXRvb2xzLmFsZW5vLm1lLyJ9&locale=fr","target":""},"icon":"restaurant"}}}],"locations_elements":{"elements":[{"acf_fc_layout":"image-text-teaser","image-text-teaser":{"placement-image":"left","background":"true","":null,"text":"<h2>La cuisine fran\u00e7aise \u00e0 l\u2019honneur<\/h2>\n<p><span style=\"font-weight: 400;\">Notre restaurant vous propose des mets inspir\u00e9s de la gastronomie fran\u00e7aise. Le chef Martin Elschner et sa brigade cuisinent chaque jour des produits frais de la r\u00e9gion. Des plats simples servis \u00e0 midi au menu gourmet propos\u00e9 le soir, il y en a pour tous les go\u00fbts.<\/span><\/p>\n","link":{"title":"D\u00e9couvrir la carte","url":"\/fr\/manger-et-boire\/","target":""},"image":{"ID":1791,"id":1791,"title":"LaCouronne_Solothurn_Hotel_Restaurant_Food_Essen-aspect-ratio-630-630","filename":"LaCouronne_Solothurn_Hotel_Restaurant_Food_Essen-aspect-ratio-630-630-1.jpg","filesize":290180,"url":"https:\/\/lacouronne-solothurn.ch\/app\/uploads\/2021\/09\/LaCouronne_Solothurn_Hotel_Restaurant_Food_Essen-aspect-ratio-630-630-1.jpg","link":"https:\/\/lacouronne-solothurn.ch\/fr\/seminaires-et-reunions\/lacouronne_solothurn_hotel_restaurant_food_essen-aspect-ratio-630-630-2-2\/","alt":"","author":"2","description":"","caption":"","name":"lacouronne_solothurn_hotel_restaurant_food_essen-aspect-ratio-630-630-2-2","status":"inherit","uploaded_to":3464,"date":"2021-09-23 09:08:28","modified":"2021-09-23 09:08:28","menu_order":0,"mime_type":"image\/jpeg","type":"image","subtype":"jpeg","icon":"https:\/\/lacouronne-solothurn.ch\/wp\/wp-includes\/images\/media\/default.png","width":1667,"height":1667,"sizes":{"thumbnail":"https:\/\/lacouronne-solothurn.ch\/app\/uploads\/2021\/09\/LaCouronne_Solothurn_Hotel_Restaurant_Food_Essen-aspect-ratio-630-630-1-150x150.jpg","thumbnail-width":150,"thumbnail-height":150,"medium":"https:\/\/lacouronne-solothurn.ch\/app\/uploads\/2021\/09\/LaCouronne_Solothurn_Hotel_Restaurant_Food_Essen-aspect-ratio-630-630-1-300x300.jpg","medium-width":300,"medium-height":300,"medium_large":"https:\/\/lacouronne-solothurn.ch\/app\/uploads\/2021\/09\/LaCouronne_Solothurn_Hotel_Restaurant_Food_Essen-aspect-ratio-630-630-1-768x768.jpg","medium_large-width":768,"medium_large-height":768,"large":"https:\/\/lacouronne-solothurn.ch\/app\/uploads\/2021\/09\/LaCouronne_Solothurn_Hotel_Restaurant_Food_Essen-aspect-ratio-630-630-1-1024x1024.jpg","large-width":1024,"large-height":1024,"1536x1536":"https:\/\/lacouronne-solothurn.ch\/app\/uploads\/2021\/09\/LaCouronne_Solothurn_Hotel_Restaurant_Food_Essen-aspect-ratio-630-630-1-1536x1536.jpg","1536x1536-width":1536,"1536x1536-height":1536,"2048x2048":"https:\/\/lacouronne-solothurn.ch\/app\/uploads\/2021\/09\/LaCouronne_Solothurn_Hotel_Restaurant_Food_Essen-aspect-ratio-630-630-1.jpg","2048x2048-width":1667,"2048x2048-height":1667},"original_image":{"ID":1646,"id":1646,"title":"LaCouronne_Solothurn_Hotel_Restaurant_Food_Essen","filename":"LaCouronne_Solothurn_Hotel_Restaurant_Food_Essen.jpg","filesize":323970,"url":"https:\/\/lacouronne-solothurn.ch\/app\/uploads\/2021\/08\/LaCouronne_Solothurn_Hotel_Restaurant_Food_Essen.jpg","link":"https:\/\/lacouronne-solothurn.ch\/fr\/lacouronne_solothurn_hotel_restaurant_food_essen\/","alt":"","author":"2","description":"","caption":"","name":"lacouronne_solothurn_hotel_restaurant_food_essen","status":"inherit","uploaded_to":0,"date":"2021-09-23 08:21:18","modified":"2021-09-23 08:21:18","menu_order":0,"mime_type":"image\/jpeg","type":"image","subtype":"jpeg","icon":"https:\/\/lacouronne-solothurn.ch\/wp\/wp-includes\/images\/media\/default.png","width":2500,"height":1667,"sizes":{"thumbnail":"https:\/\/lacouronne-solothurn.ch\/app\/uploads\/2021\/08\/LaCouronne_Solothurn_Hotel_Restaurant_Food_Essen-150x150.jpg","thumbnail-width":150,"thumbnail-height":150,"medium":"https:\/\/lacouronne-solothurn.ch\/app\/uploads\/2021\/08\/LaCouronne_Solothurn_Hotel_Restaurant_Food_Essen-300x200.jpg","medium-width":300,"medium-height":200,"medium_large":"https:\/\/lacouronne-solothurn.ch\/app\/uploads\/2021\/08\/LaCouronne_Solothurn_Hotel_Restaurant_Food_Essen-768x512.jpg","medium_large-width":768,"medium_large-height":512,"large":"https:\/\/lacouronne-solothurn.ch\/app\/uploads\/2021\/08\/LaCouronne_Solothurn_Hotel_Restaurant_Food_Essen-1024x683.jpg","large-width":1024,"large-height":683,"1536x1536":"https:\/\/lacouronne-solothurn.ch\/app\/uploads\/2021\/08\/LaCouronne_Solothurn_Hotel_Restaurant_Food_Essen-1536x1024.jpg","1536x1536-width":1536,"1536x1536-height":1024,"2048x2048":"https:\/\/lacouronne-solothurn.ch\/app\/uploads\/2021\/08\/LaCouronne_Solothurn_Hotel_Restaurant_Food_Essen-2048x1366.jpg","2048x2048-width":2048,"2048x2048-height":1366}}},"image-mobile":{"ID":1794,"id":1794,"title":"LaCouronne_Solothurn_Hotel_Restaurant_Food_Essen-aspect-ratio-630-756","filename":"LaCouronne_Solothurn_Hotel_Restaurant_Food_Essen-aspect-ratio-630-756-1.jpg","filesize":269798,"url":"https:\/\/lacouronne-solothurn.ch\/app\/uploads\/2021\/09\/LaCouronne_Solothurn_Hotel_Restaurant_Food_Essen-aspect-ratio-630-756-1.jpg","link":"https:\/\/lacouronne-solothurn.ch\/fr\/seminaires-et-reunions\/lacouronne_solothurn_hotel_restaurant_food_essen-aspect-ratio-630-756-2-2\/","alt":"","author":"2","description":"","caption":"","name":"lacouronne_solothurn_hotel_restaurant_food_essen-aspect-ratio-630-756-2-2","status":"inherit","uploaded_to":3464,"date":"2021-09-23 09:08:39","modified":"2021-09-23 09:08:39","menu_order":0,"mime_type":"image\/jpeg","type":"image","subtype":"jpeg","icon":"https:\/\/lacouronne-solothurn.ch\/wp\/wp-includes\/images\/media\/default.png","width":1390,"height":1667,"sizes":{"thumbnail":"https:\/\/lacouronne-solothurn.ch\/app\/uploads\/2021\/09\/LaCouronne_Solothurn_Hotel_Restaurant_Food_Essen-aspect-ratio-630-756-1-150x150.jpg","thumbnail-width":150,"thumbnail-height":150,"medium":"https:\/\/lacouronne-solothurn.ch\/app\/uploads\/2021\/09\/LaCouronne_Solothurn_Hotel_Restaurant_Food_Essen-aspect-ratio-630-756-1-250x300.jpg","medium-width":250,"medium-height":300,"medium_large":"https:\/\/lacouronne-solothurn.ch\/app\/uploads\/2021\/09\/LaCouronne_Solothurn_Hotel_Restaurant_Food_Essen-aspect-ratio-630-756-1-768x921.jpg","medium_large-width":768,"medium_large-height":921,"large":"https:\/\/lacouronne-solothurn.ch\/app\/uploads\/2021\/09\/LaCouronne_Solothurn_Hotel_Restaurant_Food_Essen-aspect-ratio-630-756-1-854x1024.jpg","large-width":854,"large-height":1024,"1536x1536":"https:\/\/lacouronne-solothurn.ch\/app\/uploads\/2021\/09\/LaCouronne_Solothurn_Hotel_Restaurant_Food_Essen-aspect-ratio-630-756-1-1281x1536.jpg","1536x1536-width":1281,"1536x1536-height":1536,"2048x2048":"https:\/\/lacouronne-solothurn.ch\/app\/uploads\/2021\/09\/LaCouronne_Solothurn_Hotel_Restaurant_Food_Essen-aspect-ratio-630-756-1.jpg","2048x2048-width":1390,"2048x2048-height":1667},"original_image":{"ID":1646,"id":1646,"title":"LaCouronne_Solothurn_Hotel_Restaurant_Food_Essen","filename":"LaCouronne_Solothurn_Hotel_Restaurant_Food_Essen.jpg","filesize":323970,"url":"https:\/\/lacouronne-solothurn.ch\/app\/uploads\/2021\/08\/LaCouronne_Solothurn_Hotel_Restaurant_Food_Essen.jpg","link":"https:\/\/lacouronne-solothurn.ch\/fr\/lacouronne_solothurn_hotel_restaurant_food_essen\/","alt":"","author":"2","description":"","caption":"","name":"lacouronne_solothurn_hotel_restaurant_food_essen","status":"inherit","uploaded_to":0,"date":"2021-09-23 08:21:18","modified":"2021-09-23 08:21:18","menu_order":0,"mime_type":"image\/jpeg","type":"image","subtype":"jpeg","icon":"https:\/\/lacouronne-solothurn.ch\/wp\/wp-includes\/images\/media\/default.png","width":2500,"height":1667,"sizes":{"thumbnail":"https:\/\/lacouronne-solothurn.ch\/app\/uploads\/2021\/08\/LaCouronne_Solothurn_Hotel_Restaurant_Food_Essen-150x150.jpg","thumbnail-width":150,"thumbnail-height":150,"medium":"https:\/\/lacouronne-solothurn.ch\/app\/uploads\/2021\/08\/LaCouronne_Solothurn_Hotel_Restaurant_Food_Essen-300x200.jpg","medium-width":300,"medium-height":200,"medium_large":"https:\/\/lacouronne-solothurn.ch\/app\/uploads\/2021\/08\/LaCouronne_Solothurn_Hotel_Restaurant_Food_Essen-768x512.jpg","medium_large-width":768,"medium_large-height":512,"large":"https:\/\/lacouronne-solothurn.ch\/app\/uploads\/2021\/08\/LaCouronne_Solothurn_Hotel_Restaurant_Food_Essen-1024x683.jpg","large-width":1024,"large-height":683,"1536x1536":"https:\/\/lacouronne-solothurn.ch\/app\/uploads\/2021\/08\/LaCouronne_Solothurn_Hotel_Restaurant_Food_Essen-1536x1024.jpg","1536x1536-width":1536,"1536x1536-height":1024,"2048x2048":"https:\/\/lacouronne-solothurn.ch\/app\/uploads\/2021\/08\/LaCouronne_Solothurn_Hotel_Restaurant_Food_Essen-2048x1366.jpg","2048x2048-width":2048,"2048x2048-height":1366}}},"show_additional_images":false,"additional_images":false,"cta-show":true,"cta":{"link":{"title":"Reserver","url":"https:\/\/mytools.aleno.me\/reservations\/v2.0\/reservations.html?k=eyJrIjoid2l2dTVrM2lsNm15cnBiOWlwdzZ4bmViajhycnVkaWRpZ280bGZwODBsbzlhNGlweTEiLCJsIjoiZGUiLCJyIjoiYk13YWEyUGtnMlJRWGdoa2EiLCJzIjoiaHR0cHM6Ly9teXRvb2xzLmFsZW5vLm1lLyJ9&locale=fr","target":""},"icon":"restaurant"}}}]},"type":"business","seo":{"active":true,"title":"","text":"","image":false,"keywords":""},"locations_filter":{"title":"S\u00e9minaires et r\u00e9unions"}},"yoast_head":"<!-- This site is optimized with the Yoast SEO Premium plugin v26.7 (Yoast SEO v26.7) - https:\/\/yoast.com\/wordpress\/plugins\/seo\/ -->\n<title>S\u00e9minaires et r\u00e9unions - La Couronne<\/title>\n<meta name=\"robots\" content=\"index, follow, max-snippet:-1, max-image-preview:large, max-video-preview:-1\" \/>\n<link rel=\"canonical\" href=\"https:\/\/lacouronne-solothurn.ch\/fr\/seminaires-et-reunions\/\" \/>\n<meta property=\"og:locale\" content=\"fr_FR\" \/>\n<meta property=\"og:type\" content=\"article\" \/>\n<meta property=\"og:title\" content=\"S\u00e9minaires et r\u00e9unions\" \/>\n<meta property=\"og:url\" content=\"https:\/\/lacouronne-solothurn.ch\/fr\/seminaires-et-reunions\/\" \/>\n<meta property=\"og:site_name\" content=\"La Couronne\" \/>\n<meta property=\"article:modified_time\" content=\"2021-12-01T09:32:34+00:00\" \/>\n<meta name=\"twitter:card\" content=\"summary_large_image\" \/>\n<script type=\"application\/ld+json\" class=\"yoast-schema-graph\">{\"@context\":\"https:\/\/schema.org\",\"@graph\":[{\"@type\":\"WebPage\",\"@id\":\"https:\/\/lacouronne-solothurn.ch\/fr\/seminaires-et-reunions\/\",\"url\":\"https:\/\/lacouronne-solothurn.ch\/fr\/seminaires-et-reunions\/\",\"name\":\"S\u00e9minaires et r\u00e9unions - La Couronne\",\"isPartOf\":{\"@id\":\"https:\/\/lacouronne-solothurn.ch\/#website\"},\"datePublished\":\"2021-05-31T06:27:39+00:00\",\"dateModified\":\"2021-12-01T09:32:34+00:00\",\"breadcrumb\":{\"@id\":\"https:\/\/lacouronne-solothurn.ch\/fr\/seminaires-et-reunions\/#breadcrumb\"},\"inLanguage\":\"fr-FR\",\"potentialAction\":[{\"@type\":\"ReadAction\",\"target\":[\"https:\/\/lacouronne-solothurn.ch\/fr\/seminaires-et-reunions\/\"]}]},{\"@type\":\"BreadcrumbList\",\"@id\":\"https:\/\/lacouronne-solothurn.ch\/fr\/seminaires-et-reunions\/#breadcrumb\",\"itemListElement\":[{\"@type\":\"ListItem\",\"position\":1,\"name\":\"Home\",\"item\":\"https:\/\/lacouronne-solothurn.ch\/fr\/home\/\"},{\"@type\":\"ListItem\",\"position\":2,\"name\":\"S\u00e9minaires et r\u00e9unions\"}]},{\"@type\":\"WebSite\",\"@id\":\"https:\/\/lacouronne-solothurn.ch\/#website\",\"url\":\"https:\/\/lacouronne-solothurn.ch\/\",\"name\":\"La Couronne\",\"description\":\"Historisches Hotel in Solothurn\",\"publisher\":{\"@id\":\"https:\/\/lacouronne-solothurn.ch\/#organization\"},\"potentialAction\":[{\"@type\":\"SearchAction\",\"target\":{\"@type\":\"EntryPoint\",\"urlTemplate\":\"https:\/\/lacouronne-solothurn.ch\/?s={search_term_string}\"},\"query-input\":{\"@type\":\"PropertyValueSpecification\",\"valueRequired\":true,\"valueName\":\"search_term_string\"}}],\"inLanguage\":\"fr-FR\"},{\"@type\":\"Organization\",\"@id\":\"https:\/\/lacouronne-solothurn.ch\/#organization\",\"name\":\"La Couronne\",\"url\":\"https:\/\/lacouronne-solothurn.ch\/\",\"logo\":{\"@type\":\"ImageObject\",\"inLanguage\":\"fr-FR\",\"@id\":\"https:\/\/lacouronne-solothurn.ch\/#\/schema\/logo\/image\/\",\"url\":\"https:\/\/lacouronne-solothurn.ch\/app\/uploads\/2021\/06\/logo-lacouronne-positive.svg\",\"contentUrl\":\"https:\/\/lacouronne-solothurn.ch\/app\/uploads\/2021\/06\/logo-lacouronne-positive.svg\",\"width\":238,\"height\":90,\"caption\":\"La Couronne\"},\"image\":{\"@id\":\"https:\/\/lacouronne-solothurn.ch\/#\/schema\/logo\/image\/\"}}]}<\/script>\n<!-- \/ Yoast SEO Premium plugin. -->","yoast_head_json":{"title":"S\u00e9minaires et r\u00e9unions - La Couronne","robots":{"index":"index","follow":"follow","max-snippet":"max-snippet:-1","max-image-preview":"max-image-preview:large","max-video-preview":"max-video-preview:-1"},"canonical":"https:\/\/lacouronne-solothurn.ch\/fr\/seminaires-et-reunions\/","og_locale":"fr_FR","og_type":"article","og_title":"S\u00e9minaires et r\u00e9unions","og_url":"https:\/\/lacouronne-solothurn.ch\/fr\/seminaires-et-reunions\/","og_site_name":"La Couronne","article_modified_time":"2021-12-01T09:32:34+00:00","twitter_card":"summary_large_image","schema":{"@context":"https:\/\/schema.org","@graph":[{"@type":"WebPage","@id":"https:\/\/lacouronne-solothurn.ch\/fr\/seminaires-et-reunions\/","url":"https:\/\/lacouronne-solothurn.ch\/fr\/seminaires-et-reunions\/","name":"S\u00e9minaires et r\u00e9unions - La Couronne","isPartOf":{"@id":"https:\/\/lacouronne-solothurn.ch\/#website"},"datePublished":"2021-05-31T06:27:39+00:00","dateModified":"2021-12-01T09:32:34+00:00","breadcrumb":{"@id":"https:\/\/lacouronne-solothurn.ch\/fr\/seminaires-et-reunions\/#breadcrumb"},"inLanguage":"fr-FR","potentialAction":[{"@type":"ReadAction","target":["https:\/\/lacouronne-solothurn.ch\/fr\/seminaires-et-reunions\/"]}]},{"@type":"BreadcrumbList","@id":"https:\/\/lacouronne-solothurn.ch\/fr\/seminaires-et-reunions\/#breadcrumb","itemListElement":[{"@type":"ListItem","position":1,"name":"Home","item":"https:\/\/lacouronne-solothurn.ch\/fr\/home\/"},{"@type":"ListItem","position":2,"name":"S\u00e9minaires et r\u00e9unions"}]},{"@type":"WebSite","@id":"https:\/\/lacouronne-solothurn.ch\/#website","url":"https:\/\/lacouronne-solothurn.ch\/","name":"La Couronne","description":"Historisches Hotel in Solothurn","publisher":{"@id":"https:\/\/lacouronne-solothurn.ch\/#organization"},"potentialAction":[{"@type":"SearchAction","target":{"@type":"EntryPoint","urlTemplate":"https:\/\/lacouronne-solothurn.ch\/?s={search_term_string}"},"query-input":{"@type":"PropertyValueSpecification","valueRequired":true,"valueName":"search_term_string"}}],"inLanguage":"fr-FR"},{"@type":"Organization","@id":"https:\/\/lacouronne-solothurn.ch\/#organization","name":"La Couronne","url":"https:\/\/lacouronne-solothurn.ch\/","logo":{"@type":"ImageObject","inLanguage":"fr-FR","@id":"https:\/\/lacouronne-solothurn.ch\/#\/schema\/logo\/image\/","url":"https:\/\/lacouronne-solothurn.ch\/app\/uploads\/2021\/06\/logo-lacouronne-positive.svg","contentUrl":"https:\/\/lacouronne-solothurn.ch\/app\/uploads\/2021\/06\/logo-lacouronne-positive.svg","width":238,"height":90,"caption":"La Couronne"},"image":{"@id":"https:\/\/lacouronne-solothurn.ch\/#\/schema\/logo\/image\/"}}]}},"_links":{"self":[{"href":"https:\/\/lacouronne-solothurn.ch\/fr\/wp-json\/wp\/v2\/pages\/3464","targetHints":{"allow":["GET"]}}],"collection":[{"href":"https:\/\/lacouronne-solothurn.ch\/fr\/wp-json\/wp\/v2\/pages"}],"about":[{"href":"https:\/\/lacouronne-solothurn.ch\/fr\/wp-json\/wp\/v2\/types\/page"}],"author":[{"embeddable":true,"href":"https:\/\/lacouronne-solothurn.ch\/fr\/wp-json\/wp\/v2\/users\/1"}],"replies":[{"embeddable":true,"href":"https:\/\/lacouronne-solothurn.ch\/fr\/wp-json\/wp\/v2\/comments?post=3464"}],"version-history":[{"count":6,"href":"https:\/\/lacouronne-solothurn.ch\/fr\/wp-json\/wp\/v2\/pages\/3464\/revisions"}],"predecessor-version":[{"id":3773,"href":"https:\/\/lacouronne-solothurn.ch\/fr\/wp-json\/wp\/v2\/pages\/3464\/revisions\/3773"}],"wp:attachment":[{"href":"https:\/\/lacouronne-solothurn.ch\/fr\/wp-json\/wp\/v2\/media?parent=3464"}],"curies":[{"name":"wp","href":"https:\/\/api.w.org\/{rel}","templated":true}]}}