{"id":3482,"date":"2021-08-25T12:54:46","date_gmt":"2021-08-25T12:54:46","guid":{"rendered":"https:\/\/couronne.baseltor.cyon.site\/kontakt\/"},"modified":"2023-10-09T07:09:14","modified_gmt":"2023-10-09T07:09:14","slug":"contact","status":"publish","type":"page","link":"https:\/\/lacouronne-solothurn.ch\/fr\/contact\/","title":{"rendered":"Contact"},"content":{"rendered":"","protected":false},"excerpt":{"rendered":"","protected":false},"author":1,"featured_media":0,"parent":0,"menu_order":65,"comment_status":"closed","ping_status":"closed","template":"views\/template-contact.blade.php","meta":{"_acf_changed":false,"inline_featured_image":false},"class_list":["post-3482","page","type-page","status-publish","hentry"],"acf":{"contact_entry":{"lead":"<h3>Comment nous contacter<\/h3>\n<p>Vous avez des questions, des souhaits, des suggestions ou vous avez besoin de plus d&#8217;informations sur La Couronne Hotel Restaurant ? Nous nous r\u00e9jouissons de votre message et vous contacterons dans les plus brefs d\u00e9lais. Vous pouvez nous joindre au 032 625 10 10 ou \u00e0 l&#8217;adresse <a href=\"mailto:info@lacouronne-solothurn.ch\">info@lacouronne-solothurn.ch<\/a>.<\/p>\n<h3>R\u00e9servations de tables<\/h3>\n<p>Nous acceptons volontiers les <a href=\"https:\/\/mytools.aleno.me\/reservations\/v2.0\/reservations.html?k=eyJrIjoid2l2dTVrM2lsNm15cnBiOWlwdzZ4bmViajhycnVkaWRpZ280bGZwODBsbzlhNGlweTEiLCJsIjoiZGUiLCJyIjoiYk13YWEyUGtnMlJRWGdoa2EiLCJzIjoiaHR0cHM6Ly9teXRvb2xzLmFsZW5vLm1lLyJ9\" target=\"_blank\" rel=\"noopener\">r\u00e9servations en ligne<\/a> ou par e-mail <a href=\"mailto:info@lacouronne-solothurn.ch\">info@lacouronne-solothurn.ch<\/a>. Pour les r\u00e9servations \u00e0 court terme, nous nous r\u00e9jouissons d&#8217;un appel t\u00e9l\u00e9phonique.<\/p>\n<h3>R\u00e9server une chambre<\/h3>\n<p>Vous obtiendrez toujours les meilleurs prix et les meilleures disponibilit\u00e9s si vous r\u00e9servez directement chez nous. Vous pouvez r\u00e9server directement <a href=\"https:\/\/www.simplebooking.it\/ibe\/hotelbooking\/search?hid=4629&amp;lang=FR&amp;_gl=1*1pp19qz*_ga*OTUwMTc5NjI1LjE2OTA3ODM4NzA.*_ga_8ST454TXX6*MTY5NjgzMzkyMi42MC4xLjE2OTY4MzUzMTAuMC4wLjA.\" target=\"_blank\" rel=\"noopener\">sur notre site web<\/a>, nous envoyer un e-mail <a href=\"mailto:info@lacouronne-solothurn.ch\">info@lacouronne-solothurn.ch<\/a>\u00a0ou simplement nous appeler au +41 32 625 10 10.<\/p>\n","text-sections":false},"seo":{"active":true,"title":"","text":"","image":false,"keywords":""},"map":{"address":"La Couronne, Hauptgasse, Solothurn, Schweiz","lat":47.20799000000000233967512031085789203643798828125,"lng":7.53847999999999984765963745303452014923095703125,"zoom":16,"place_id":"ChIJ3Q6-DfnXkUcRcMzprL-GyiU","name":"La Couronne","street_number":"64","street_name":"Hauptgasse","city":"Solothurn","state":"Solothurn","state_short":"SO","post_code":"4500","country":"Schweiz","country_short":"CH"},"elements":[{"acf_fc_layout":"contact-form","contact-form":{"title":"<h2>Vous avez des questions?<\/h2>\n","subject":"Kontakt"}}],"contact_elements":{"elements":[{"acf_fc_layout":"contact-form","contact-form":{"title":"<h2>Vous avez des questions?<\/h2>\n","subject":"Kontakt"}}]}},"yoast_head":"<!-- This site is optimized with the Yoast SEO Premium plugin v26.7 (Yoast SEO v26.7) - https:\/\/yoast.com\/wordpress\/plugins\/seo\/ -->\n<title>Contact - La Couronne<\/title>\n<meta name=\"robots\" content=\"index, follow, max-snippet:-1, max-image-preview:large, max-video-preview:-1\" \/>\n<link rel=\"canonical\" href=\"https:\/\/lacouronne-solothurn.ch\/fr\/contact\/\" \/>\n<meta property=\"og:locale\" content=\"fr_FR\" \/>\n<meta property=\"og:type\" content=\"article\" \/>\n<meta property=\"og:title\" content=\"Contact\" \/>\n<meta property=\"og:url\" content=\"https:\/\/lacouronne-solothurn.ch\/fr\/contact\/\" \/>\n<meta property=\"og:site_name\" content=\"La Couronne\" \/>\n<meta property=\"article:modified_time\" content=\"2023-10-09T07:09:14+00:00\" \/>\n<meta name=\"twitter:card\" content=\"summary_large_image\" \/>\n<script type=\"application\/ld+json\" class=\"yoast-schema-graph\">{\"@context\":\"https:\/\/schema.org\",\"@graph\":[{\"@type\":\"WebPage\",\"@id\":\"https:\/\/lacouronne-solothurn.ch\/fr\/contact\/\",\"url\":\"https:\/\/lacouronne-solothurn.ch\/fr\/contact\/\",\"name\":\"Contact - La Couronne\",\"isPartOf\":{\"@id\":\"https:\/\/lacouronne-solothurn.ch\/#website\"},\"datePublished\":\"2021-08-25T12:54:46+00:00\",\"dateModified\":\"2023-10-09T07:09:14+00:00\",\"breadcrumb\":{\"@id\":\"https:\/\/lacouronne-solothurn.ch\/fr\/contact\/#breadcrumb\"},\"inLanguage\":\"fr-FR\",\"potentialAction\":[{\"@type\":\"ReadAction\",\"target\":[\"https:\/\/lacouronne-solothurn.ch\/fr\/contact\/\"]}]},{\"@type\":\"BreadcrumbList\",\"@id\":\"https:\/\/lacouronne-solothurn.ch\/fr\/contact\/#breadcrumb\",\"itemListElement\":[{\"@type\":\"ListItem\",\"position\":1,\"name\":\"Home\",\"item\":\"https:\/\/lacouronne-solothurn.ch\/fr\/home\/\"},{\"@type\":\"ListItem\",\"position\":2,\"name\":\"Contact\"}]},{\"@type\":\"WebSite\",\"@id\":\"https:\/\/lacouronne-solothurn.ch\/#website\",\"url\":\"https:\/\/lacouronne-solothurn.ch\/\",\"name\":\"La Couronne\",\"description\":\"Historisches Hotel in Solothurn\",\"publisher\":{\"@id\":\"https:\/\/lacouronne-solothurn.ch\/#organization\"},\"potentialAction\":[{\"@type\":\"SearchAction\",\"target\":{\"@type\":\"EntryPoint\",\"urlTemplate\":\"https:\/\/lacouronne-solothurn.ch\/?s={search_term_string}\"},\"query-input\":{\"@type\":\"PropertyValueSpecification\",\"valueRequired\":true,\"valueName\":\"search_term_string\"}}],\"inLanguage\":\"fr-FR\"},{\"@type\":\"Organization\",\"@id\":\"https:\/\/lacouronne-solothurn.ch\/#organization\",\"name\":\"La Couronne\",\"url\":\"https:\/\/lacouronne-solothurn.ch\/\",\"logo\":{\"@type\":\"ImageObject\",\"inLanguage\":\"fr-FR\",\"@id\":\"https:\/\/lacouronne-solothurn.ch\/#\/schema\/logo\/image\/\",\"url\":\"https:\/\/lacouronne-solothurn.ch\/app\/uploads\/2021\/06\/logo-lacouronne-positive.svg\",\"contentUrl\":\"https:\/\/lacouronne-solothurn.ch\/app\/uploads\/2021\/06\/logo-lacouronne-positive.svg\",\"width\":238,\"height\":90,\"caption\":\"La Couronne\"},\"image\":{\"@id\":\"https:\/\/lacouronne-solothurn.ch\/#\/schema\/logo\/image\/\"}}]}<\/script>\n<!-- \/ Yoast SEO Premium plugin. -->","yoast_head_json":{"title":"Contact - La Couronne","robots":{"index":"index","follow":"follow","max-snippet":"max-snippet:-1","max-image-preview":"max-image-preview:large","max-video-preview":"max-video-preview:-1"},"canonical":"https:\/\/lacouronne-solothurn.ch\/fr\/contact\/","og_locale":"fr_FR","og_type":"article","og_title":"Contact","og_url":"https:\/\/lacouronne-solothurn.ch\/fr\/contact\/","og_site_name":"La Couronne","article_modified_time":"2023-10-09T07:09:14+00:00","twitter_card":"summary_large_image","schema":{"@context":"https:\/\/schema.org","@graph":[{"@type":"WebPage","@id":"https:\/\/lacouronne-solothurn.ch\/fr\/contact\/","url":"https:\/\/lacouronne-solothurn.ch\/fr\/contact\/","name":"Contact - La Couronne","isPartOf":{"@id":"https:\/\/lacouronne-solothurn.ch\/#website"},"datePublished":"2021-08-25T12:54:46+00:00","dateModified":"2023-10-09T07:09:14+00:00","breadcrumb":{"@id":"https:\/\/lacouronne-solothurn.ch\/fr\/contact\/#breadcrumb"},"inLanguage":"fr-FR","potentialAction":[{"@type":"ReadAction","target":["https:\/\/lacouronne-solothurn.ch\/fr\/contact\/"]}]},{"@type":"BreadcrumbList","@id":"https:\/\/lacouronne-solothurn.ch\/fr\/contact\/#breadcrumb","itemListElement":[{"@type":"ListItem","position":1,"name":"Home","item":"https:\/\/lacouronne-solothurn.ch\/fr\/home\/"},{"@type":"ListItem","position":2,"name":"Contact"}]},{"@type":"WebSite","@id":"https:\/\/lacouronne-solothurn.ch\/#website","url":"https:\/\/lacouronne-solothurn.ch\/","name":"La Couronne","description":"Historisches Hotel in Solothurn","publisher":{"@id":"https:\/\/lacouronne-solothurn.ch\/#organization"},"potentialAction":[{"@type":"SearchAction","target":{"@type":"EntryPoint","urlTemplate":"https:\/\/lacouronne-solothurn.ch\/?s={search_term_string}"},"query-input":{"@type":"PropertyValueSpecification","valueRequired":true,"valueName":"search_term_string"}}],"inLanguage":"fr-FR"},{"@type":"Organization","@id":"https:\/\/lacouronne-solothurn.ch\/#organization","name":"La Couronne","url":"https:\/\/lacouronne-solothurn.ch\/","logo":{"@type":"ImageObject","inLanguage":"fr-FR","@id":"https:\/\/lacouronne-solothurn.ch\/#\/schema\/logo\/image\/","url":"https:\/\/lacouronne-solothurn.ch\/app\/uploads\/2021\/06\/logo-lacouronne-positive.svg","contentUrl":"https:\/\/lacouronne-solothurn.ch\/app\/uploads\/2021\/06\/logo-lacouronne-positive.svg","width":238,"height":90,"caption":"La Couronne"},"image":{"@id":"https:\/\/lacouronne-solothurn.ch\/#\/schema\/logo\/image\/"}}]}},"_links":{"self":[{"href":"https:\/\/lacouronne-solothurn.ch\/fr\/wp-json\/wp\/v2\/pages\/3482","targetHints":{"allow":["GET"]}}],"collection":[{"href":"https:\/\/lacouronne-solothurn.ch\/fr\/wp-json\/wp\/v2\/pages"}],"about":[{"href":"https:\/\/lacouronne-solothurn.ch\/fr\/wp-json\/wp\/v2\/types\/page"}],"author":[{"embeddable":true,"href":"https:\/\/lacouronne-solothurn.ch\/fr\/wp-json\/wp\/v2\/users\/1"}],"replies":[{"embeddable":true,"href":"https:\/\/lacouronne-solothurn.ch\/fr\/wp-json\/wp\/v2\/comments?post=3482"}],"version-history":[{"count":10,"href":"https:\/\/lacouronne-solothurn.ch\/fr\/wp-json\/wp\/v2\/pages\/3482\/revisions"}],"predecessor-version":[{"id":6546,"href":"https:\/\/lacouronne-solothurn.ch\/fr\/wp-json\/wp\/v2\/pages\/3482\/revisions\/6546"}],"wp:attachment":[{"href":"https:\/\/lacouronne-solothurn.ch\/fr\/wp-json\/wp\/v2\/media?parent=3482"}],"curies":[{"name":"wp","href":"https:\/\/api.w.org\/{rel}","templated":true}]}}