{"id":3488,"date":"2021-08-27T15:19:47","date_gmt":"2021-08-27T15:19:47","guid":{"rendered":"https:\/\/couronne.baseltor.cyon.site\/gutscheine\/"},"modified":"2022-07-21T07:45:02","modified_gmt":"2022-07-21T07:45:02","slug":"bons-cadeaux","status":"publish","type":"page","link":"https:\/\/lacouronne-solothurn.ch\/fr\/bons-cadeaux\/","title":{"rendered":"Bons cadeaux"},"content":{"rendered":"","protected":false},"excerpt":{"rendered":"","protected":false},"author":1,"featured_media":0,"parent":0,"menu_order":76,"comment_status":"closed","ping_status":"closed","template":"views\/template-subpage.blade.php","meta":{"_acf_changed":false,"inline_featured_image":false},"class_list":["post-3488","page","type-page","status-publish","hentry"],"acf":{"subpage_entry":{"title":"<h1>Bons <em>cadeaux<\/em><\/h1>\n","text-sections":[{"subtitle":"","text":"<p><span style=\"font-weight: 400;\">Nous proposons deux types de bons cadeaux: un bon classique La Couronne, id\u00e9al pour un anniversaire, un mariage ou une autre c\u00e9l\u00e9bration, ainsi que le bon de la Genossenschaft Baseltor, offrant un maximum de flexibilit\u00e9 puisqu\u2019il est valable dans tous les \u00e9tablissements de la Genossenschaft<\/span>\u00a0<a href=\"https:\/\/www.baseltor.ch\">Baseltor<\/a>, <a href=\"https:\/\/solheure.ch\/\" target=\"_blank\" rel=\"noopener\">Solheure<\/a>, <a href=\"https:\/\/restaurant-salzhaus.ch\/\" target=\"_blank\" rel=\"noopener\">Salzhaus<\/a>, <a href=\"https:\/\/viktor-solothurn.ch\/\" target=\"_blank\" rel=\"noopener\">Viktor.<\/a><\/p>\n"},{"subtitle":"Bons gadeaux La Couronne","text":"<p>Vous cherchez le cadeau id\u00e9al pour un anniversaire, un mariage ou un jubil\u00e9 ? Ou vous voulez simplement faire plaisir \u00e0 quelqu&#8217;un ? Avec un bon cadeau de La Couronne, vous offrez de l&#8217;anticipation, du plaisir, de la d\u00e9tente et une exp\u00e9rience inoubliable garantie!<\/p>\n"},{"subtitle":"Bons gadeaux Genossenschaft Baseltor","text":"<p>La Genossenschaft Baseltor a cr\u00e9\u00e9 un nouveau ch\u00e8que-cadeau qui peut \u00eatre utilis\u00e9 \u00e0 volont\u00e9 dans nos cinq \u00e9tablissements &#8211; Baseltor, Solheure, Salzhaus, La Couronne et Viktor. Ce bon est id\u00e9al comme cadeau pour les f\u00eates ou comme geste pendant cette p\u00e9riode. Offrez des exp\u00e9riences savoureuses!<\/p>\n"},{"subtitle":"Comment \u00e7a marche?","text":"<p>Vous pouvez venir retirer votre bon aupr\u00e8s de notre \u00e9tablissement pendant nos horaires d\u2019ouverture ou l&#8217;acheter directement dans notre Online-Shop.<\/p>\n"}],"link-lists":[{"title":"","entries":[{"typ":"voucher","link":{"title":"Online Shop print@home","url":"https:\/\/shop.e-vou.com\/?companyid=3&locationid=44&lang=de&PHPSESSID=57370cf45b7afeee994747e78abf581f","target":""},"file":false,"label":"Online-Shop print@home","url":"https:\/\/shop.e-vou.com\/?companyid=3&locationid=44&lang=de"}]}],"image-element":{"image":false,"caption":""}},"elements":false,"subpage_elements":{"elements":false},"seo":{"active":true,"title":"","text":"","image":false,"keywords":""}},"yoast_head":"<!-- This site is optimized with the Yoast SEO Premium plugin v26.7 (Yoast SEO v26.7) - https:\/\/yoast.com\/wordpress\/plugins\/seo\/ -->\n<title>Bons cadeaux - La Couronne<\/title>\n<meta name=\"robots\" content=\"index, follow, max-snippet:-1, max-image-preview:large, max-video-preview:-1\" \/>\n<link rel=\"canonical\" href=\"https:\/\/lacouronne-solothurn.ch\/fr\/bons-cadeaux\/\" \/>\n<meta property=\"og:locale\" content=\"fr_FR\" \/>\n<meta property=\"og:type\" content=\"article\" \/>\n<meta property=\"og:title\" content=\"Bons cadeaux\" \/>\n<meta property=\"og:url\" content=\"https:\/\/lacouronne-solothurn.ch\/fr\/bons-cadeaux\/\" \/>\n<meta property=\"og:site_name\" content=\"La Couronne\" \/>\n<meta property=\"article:modified_time\" content=\"2022-07-21T07:45:02+00:00\" \/>\n<meta name=\"twitter:card\" content=\"summary_large_image\" \/>\n<script type=\"application\/ld+json\" class=\"yoast-schema-graph\">{\"@context\":\"https:\/\/schema.org\",\"@graph\":[{\"@type\":\"WebPage\",\"@id\":\"https:\/\/lacouronne-solothurn.ch\/fr\/bons-cadeaux\/\",\"url\":\"https:\/\/lacouronne-solothurn.ch\/fr\/bons-cadeaux\/\",\"name\":\"Bons cadeaux - La Couronne\",\"isPartOf\":{\"@id\":\"https:\/\/lacouronne-solothurn.ch\/#website\"},\"datePublished\":\"2021-08-27T15:19:47+00:00\",\"dateModified\":\"2022-07-21T07:45:02+00:00\",\"breadcrumb\":{\"@id\":\"https:\/\/lacouronne-solothurn.ch\/fr\/bons-cadeaux\/#breadcrumb\"},\"inLanguage\":\"fr-FR\",\"potentialAction\":[{\"@type\":\"ReadAction\",\"target\":[\"https:\/\/lacouronne-solothurn.ch\/fr\/bons-cadeaux\/\"]}]},{\"@type\":\"BreadcrumbList\",\"@id\":\"https:\/\/lacouronne-solothurn.ch\/fr\/bons-cadeaux\/#breadcrumb\",\"itemListElement\":[{\"@type\":\"ListItem\",\"position\":1,\"name\":\"Home\",\"item\":\"https:\/\/lacouronne-solothurn.ch\/fr\/home\/\"},{\"@type\":\"ListItem\",\"position\":2,\"name\":\"Bons cadeaux\"}]},{\"@type\":\"WebSite\",\"@id\":\"https:\/\/lacouronne-solothurn.ch\/#website\",\"url\":\"https:\/\/lacouronne-solothurn.ch\/\",\"name\":\"La Couronne\",\"description\":\"Historisches Hotel in Solothurn\",\"publisher\":{\"@id\":\"https:\/\/lacouronne-solothurn.ch\/#organization\"},\"potentialAction\":[{\"@type\":\"SearchAction\",\"target\":{\"@type\":\"EntryPoint\",\"urlTemplate\":\"https:\/\/lacouronne-solothurn.ch\/?s={search_term_string}\"},\"query-input\":{\"@type\":\"PropertyValueSpecification\",\"valueRequired\":true,\"valueName\":\"search_term_string\"}}],\"inLanguage\":\"fr-FR\"},{\"@type\":\"Organization\",\"@id\":\"https:\/\/lacouronne-solothurn.ch\/#organization\",\"name\":\"La Couronne\",\"url\":\"https:\/\/lacouronne-solothurn.ch\/\",\"logo\":{\"@type\":\"ImageObject\",\"inLanguage\":\"fr-FR\",\"@id\":\"https:\/\/lacouronne-solothurn.ch\/#\/schema\/logo\/image\/\",\"url\":\"https:\/\/lacouronne-solothurn.ch\/app\/uploads\/2021\/06\/logo-lacouronne-positive.svg\",\"contentUrl\":\"https:\/\/lacouronne-solothurn.ch\/app\/uploads\/2021\/06\/logo-lacouronne-positive.svg\",\"width\":238,\"height\":90,\"caption\":\"La Couronne\"},\"image\":{\"@id\":\"https:\/\/lacouronne-solothurn.ch\/#\/schema\/logo\/image\/\"}}]}<\/script>\n<!-- \/ Yoast SEO Premium plugin. -->","yoast_head_json":{"title":"Bons cadeaux - La Couronne","robots":{"index":"index","follow":"follow","max-snippet":"max-snippet:-1","max-image-preview":"max-image-preview:large","max-video-preview":"max-video-preview:-1"},"canonical":"https:\/\/lacouronne-solothurn.ch\/fr\/bons-cadeaux\/","og_locale":"fr_FR","og_type":"article","og_title":"Bons cadeaux","og_url":"https:\/\/lacouronne-solothurn.ch\/fr\/bons-cadeaux\/","og_site_name":"La Couronne","article_modified_time":"2022-07-21T07:45:02+00:00","twitter_card":"summary_large_image","schema":{"@context":"https:\/\/schema.org","@graph":[{"@type":"WebPage","@id":"https:\/\/lacouronne-solothurn.ch\/fr\/bons-cadeaux\/","url":"https:\/\/lacouronne-solothurn.ch\/fr\/bons-cadeaux\/","name":"Bons cadeaux - La Couronne","isPartOf":{"@id":"https:\/\/lacouronne-solothurn.ch\/#website"},"datePublished":"2021-08-27T15:19:47+00:00","dateModified":"2022-07-21T07:45:02+00:00","breadcrumb":{"@id":"https:\/\/lacouronne-solothurn.ch\/fr\/bons-cadeaux\/#breadcrumb"},"inLanguage":"fr-FR","potentialAction":[{"@type":"ReadAction","target":["https:\/\/lacouronne-solothurn.ch\/fr\/bons-cadeaux\/"]}]},{"@type":"BreadcrumbList","@id":"https:\/\/lacouronne-solothurn.ch\/fr\/bons-cadeaux\/#breadcrumb","itemListElement":[{"@type":"ListItem","position":1,"name":"Home","item":"https:\/\/lacouronne-solothurn.ch\/fr\/home\/"},{"@type":"ListItem","position":2,"name":"Bons cadeaux"}]},{"@type":"WebSite","@id":"https:\/\/lacouronne-solothurn.ch\/#website","url":"https:\/\/lacouronne-solothurn.ch\/","name":"La Couronne","description":"Historisches Hotel in Solothurn","publisher":{"@id":"https:\/\/lacouronne-solothurn.ch\/#organization"},"potentialAction":[{"@type":"SearchAction","target":{"@type":"EntryPoint","urlTemplate":"https:\/\/lacouronne-solothurn.ch\/?s={search_term_string}"},"query-input":{"@type":"PropertyValueSpecification","valueRequired":true,"valueName":"search_term_string"}}],"inLanguage":"fr-FR"},{"@type":"Organization","@id":"https:\/\/lacouronne-solothurn.ch\/#organization","name":"La Couronne","url":"https:\/\/lacouronne-solothurn.ch\/","logo":{"@type":"ImageObject","inLanguage":"fr-FR","@id":"https:\/\/lacouronne-solothurn.ch\/#\/schema\/logo\/image\/","url":"https:\/\/lacouronne-solothurn.ch\/app\/uploads\/2021\/06\/logo-lacouronne-positive.svg","contentUrl":"https:\/\/lacouronne-solothurn.ch\/app\/uploads\/2021\/06\/logo-lacouronne-positive.svg","width":238,"height":90,"caption":"La Couronne"},"image":{"@id":"https:\/\/lacouronne-solothurn.ch\/#\/schema\/logo\/image\/"}}]}},"_links":{"self":[{"href":"https:\/\/lacouronne-solothurn.ch\/fr\/wp-json\/wp\/v2\/pages\/3488","targetHints":{"allow":["GET"]}}],"collection":[{"href":"https:\/\/lacouronne-solothurn.ch\/fr\/wp-json\/wp\/v2\/pages"}],"about":[{"href":"https:\/\/lacouronne-solothurn.ch\/fr\/wp-json\/wp\/v2\/types\/page"}],"author":[{"embeddable":true,"href":"https:\/\/lacouronne-solothurn.ch\/fr\/wp-json\/wp\/v2\/users\/1"}],"replies":[{"embeddable":true,"href":"https:\/\/lacouronne-solothurn.ch\/fr\/wp-json\/wp\/v2\/comments?post=3488"}],"version-history":[{"count":12,"href":"https:\/\/lacouronne-solothurn.ch\/fr\/wp-json\/wp\/v2\/pages\/3488\/revisions"}],"predecessor-version":[{"id":4610,"href":"https:\/\/lacouronne-solothurn.ch\/fr\/wp-json\/wp\/v2\/pages\/3488\/revisions\/4610"}],"wp:attachment":[{"href":"https:\/\/lacouronne-solothurn.ch\/fr\/wp-json\/wp\/v2\/media?parent=3488"}],"curies":[{"name":"wp","href":"https:\/\/api.w.org\/{rel}","templated":true}]}}